{"id":10432,"date":"2019-05-06T15:08:06","date_gmt":"2019-05-06T15:08:06","guid":{"rendered":"https:\/\/www.fibricheck.com\/?page_id=10432"},"modified":"2023-10-17T15:04:12","modified_gmt":"2023-10-17T14:04:12","slug":"pagina-de-precios","status":"publish","type":"page","link":"https:\/\/www.fibricheck.com\/es\/pagina-de-precios\/","title":{"rendered":"P\u00e1gina de precios"},"content":{"rendered":"[vc_row full_width=&#8221;stretch_row_content_no_spaces&#8221; content_placement=&#8221;middle&#8221; equal_height=&#8221;yes&#8221; remove_bottom_col_margin=&#8221;true&#8221; typography_style=&#8221;white&#8221; min_height=&#8221;500px&#8221; css=&#8221;.vc_custom_1649402289607{padding-top: 0px !important;}&#8221;][vc_column width=&#8221;1\/2&#8243; el_class=&#8221;containered-col&#8221;][vc_single_image image=&#8221;13945&#8243;][\/vc_column][vc_column width=&#8221;1\/2&#8243; wpex_bg_position=&#8221;center center&#8221; wpex_bg_size=&#8221;cover&#8221; css=&#8221;.vc_custom_1649403264035{padding-left: 20px !important;}&#8221;]<h3 class=\"vcex-heading vcex-module wpex-text-2xl wpex-font-normal wpex-m-auto wpex-max-w-100 vcex-heading-plain wpex-h3 wpex-block\" style=\"color:#223344;\"><span class=\"vcex-heading-inner wpex-inline-block wpex-clr\">Activa tu periodo de prueba gratuita de 3 d\u00edas<\/span><\/h3>[vc_column_text color=&#8221;#223344&#8243;]Acceso a todas las funciones de la aplicaci\u00f3n FibriCheck<br \/>\nDespu\u00e9s de tu periodo de prueba gratuita, recibir\u00e1s un informe personal<br \/>\nNuestros expertos m\u00e9dicos examinar\u00e1n cualquier medici\u00f3n an\u00f3mala[\/vc_column_text]<div class=\"vcex-spacing wpex-w-100 wpex-clear\" style=\"height:30px;\"><\/div><a href=\"https:\/\/fibricheck.app.link\/z6t3U1tDCgb\" class=\"vcex-button theme-button inline\"><span class=\"theme-button-inner\">Inicia tu periodo de prueba gratuita<\/span><\/a> <div class=\"vcex-spacing wpex-w-100 wpex-clear\" style=\"height:30px;\"><\/div>[\/vc_column][\/vc_row][vc_row full_width=&#8221;stretch_row&#8221; el_class=&#8221;grey pricing&#8221;][vc_column]<h2 class=\"vcex-heading vcex-module wpex-text-2xl wpex-font-normal wpex-m-auto wpex-max-w-100 vcex-heading-plain wpex-h2 wpex-block wpex-text-center\"><span class=\"vcex-heading-inner wpex-inline-block wpex-clr\">FIBRICHECK A TU MEDIDA:<\/span><\/h2>[vc_row_inner gap=&#8221;20&#8243;][vc_column_inner width=&#8221;1\/6&#8243;][\/vc_column_inner][vc_column_inner width=&#8221;1\/3&#8243; css=&#8221;.vc_custom_1626277561907{background-color: #ffffff !important;}&#8221;]<div class=\"vcex-spacing wpex-w-100 wpex-clear\" style=\"height:20px;\"><\/div><h3 class=\"vcex-heading vcex-module wpex-text-2xl wpex-font-normal wpex-m-auto wpex-max-w-100 vcex-heading-plain wpex-h3 wpex-block wpex-text-center\" style=\"color:#0f676d;\"><span class=\"vcex-heading-inner wpex-inline-block wpex-clr\">Esencial<\/span><\/h3><div class=\"vcex-module vcex-divider vcex-divider-solid wpex-max-w-100 wpex-mx-auto wpex-block wpex-h-0 wpex-border-b wpex-border-solid wpex-border-gray-200\" style=\"width:100%;margin-top:20px;margin-bottom:20px;border-color:#f7f8fa;\"><\/div><h4 class=\"vcex-heading vcex-module wpex-text-2xl wpex-font-normal wpex-m-auto wpex-max-w-100 vcex-heading-plain wpex-h4 wpex-block wpex-text-center\" style=\"font-size:54px;\"><span class=\"vcex-heading-inner wpex-inline-block wpex-clr\">\u20ac 6.99*<\/span><\/h4>[vc_column_text text_align=&#8221;center&#8221;]al mes<\/p>\n<p>o bien<\/p>\n<p>Elija el pago anual y ahorre un 40% (\u20ac 4.17* al mes)[\/vc_column_text]<div class=\"vcex-spacing wpex-w-100 wpex-clear\" style=\"height:30px;\"><\/div><div class=\"vcex-module vcex-bullets custom-icon\">\n<ul>\n<li><div class=\"vcex-bullets-ci-wrap wpex-inline-flex\"><span class=\"vcex-icon-wrap wpex-mr-10\"><span class=\"vcex-icon ticon ticon-check\" aria-hidden=\"true\" style=\"color:#0f676d;\"><\/span><\/span><div class=\"vcex-content wpex-flex-grow\">N\u00famero ilimitado de mediciones<\/div><\/div><\/li>\n<li><div class=\"vcex-bullets-ci-wrap wpex-inline-flex\"><span class=\"vcex-icon-wrap wpex-mr-10\"><span class=\"vcex-icon ticon ticon-check\" aria-hidden=\"true\" style=\"color:#0f676d;\"><\/span><\/span><div class=\"vcex-content wpex-flex-grow\">Justo despu\u00e9s de una medici\u00f3n, una primera indicaci\u00f3n de si tu ritmo card\u00edaco es regular<\/div><\/div><\/li>\n<li><div class=\"vcex-bullets-ci-wrap wpex-inline-flex\"><span class=\"vcex-icon-wrap wpex-mr-10\"><span class=\"vcex-icon ticon ticon-check\" aria-hidden=\"true\" style=\"color:#0f676d;\"><\/span><\/span><div class=\"vcex-content wpex-flex-grow\">Comparte los resultados con tu m\u00e9dico<\/div><\/div><\/li>\n<li><div class=\"vcex-bullets-ci-wrap wpex-inline-flex\"><span class=\"vcex-icon-wrap wpex-mr-10\"><span class=\"vcex-icon ticon ticon-check\" aria-hidden=\"true\" style=\"color:#0f676d;\"><\/span><\/span><div class=\"vcex-content wpex-flex-grow\">Configura recordatorios<\/div><\/div><\/li>\n<\/ul>\n<\/div><div class=\"vcex-module vcex-bullets custom-icon\">\n<ul>\n<li><div class=\"vcex-bullets-ci-wrap wpex-inline-flex\"><span class=\"vcex-icon-wrap wpex-mr-10\"><span class=\"vcex-icon ticon ticon-times\" aria-hidden=\"true\" style=\"color:#ae1818;\"><\/span><\/span><div class=\"vcex-content wpex-flex-grow\">Expertos m\u00e9dicos examinar\u00e1n las mediciones an\u00f3malas en un plazo de 48 horas y a continuaci\u00f3n recibir\u00e1s un resultado detallado.<\/div><\/div><\/li>\n<li><div class=\"vcex-bullets-ci-wrap wpex-inline-flex\"><span class=\"vcex-icon-wrap wpex-mr-10\"><span class=\"vcex-icon ticon ticon-times\" aria-hidden=\"true\" style=\"color:#ae1818;\"><\/span><\/span><div class=\"vcex-content wpex-flex-grow\">Informes semanales detallados<\/div><\/div><\/li>\n<\/ul>\n<\/div><div class=\"vcex-spacing wpex-w-100 wpex-clear\" style=\"height:30px;\"><\/div>[vc_column_text]<strong>Opcional: las eventuales mediciones fuera de lo normal pueden ser examinadas por nuestro equipo de expertos m\u00e9dicos a un precio de 9,99 \u20ac por medici\u00f3n.<\/strong>[\/vc_column_text]<div class=\"vcex-spacing wpex-w-100 wpex-clear\" style=\"height:30px;\"><\/div><div class=\"textcenter theme-button-wrap wpex-clr\"><a href=\"https:\/\/fibricheck.app.link\/A5tc1xgTEib\" class=\"vcex-button theme-button align-center inline\" style=\"background:#0f676d;\"><span class=\"theme-button-inner\">Elige Esencial<\/span><\/a><\/div> <div class=\"vcex-spacing wpex-w-100 wpex-clear\" style=\"height:30px;\"><\/div><h3 class=\"vcex-heading vcex-module wpex-text-2xl wpex-font-normal wpex-m-auto wpex-max-w-100 vcex-heading-plain wpex-h3 wpex-block wpex-text-center\" style=\"color:#0f676d;\"><span class=\"vcex-heading-inner wpex-inline-block wpex-clr\">\u00bfPara qui\u00e9n?<\/span><\/h3><div class=\"vcex-spacing wpex-w-100 wpex-clear\" style=\"height:30px;\"><\/div>[vc_column_text font_weight=&#8221;bold&#8221;]Hasta ahora no has tenido s\u00edntomas como taquicardia, falta de aliento, cansancio, mareos\u2026<\/p>\n<p>Durante el periodo de prueba gratuita, tu ritmo card\u00edaco fue regular.<\/p>\n<p>No te han diagnosticado nunca trastornos del ritmo card\u00edaco.<\/p>\n<p>Quieres usar FibriCheck para hacer un seguimiento de tu tratamiento y tu ritmo ca.[\/vc_column_text]<div class=\"vcex-spacing wpex-w-100 wpex-clear\" style=\"height:30px;\"><\/div><div class=\"textcenter theme-button-wrap wpex-clr\"><a href=\"https:\/\/fibricheck.app.link\/A5tc1xgTEib\" class=\"vcex-button theme-button align-center inline\" style=\"background:#0f676d;\"><span class=\"theme-button-inner\">Elige Esencial<\/span><\/a><\/div> <div class=\"vcex-spacing wpex-w-100 wpex-clear\" style=\"height:30px;\"><\/div>[\/vc_column_inner][vc_column_inner width=&#8221;1\/3&#8243; css=&#8221;.vc_custom_1626277567792{background-color: #ffffff !important;}&#8221;]<div class=\"vcex-spacing wpex-w-100 wpex-clear\" style=\"height:20px;\"><\/div><h3 class=\"vcex-heading vcex-module wpex-text-2xl wpex-font-normal wpex-m-auto wpex-max-w-100 vcex-heading-plain wpex-h3 wpex-block wpex-text-center\" style=\"color:#223344;\"><span class=\"vcex-heading-inner wpex-inline-block wpex-clr\">Premium<\/span><\/h3><div class=\"vcex-module vcex-divider vcex-divider-solid wpex-max-w-100 wpex-mx-auto wpex-block wpex-h-0 wpex-border-b wpex-border-solid wpex-border-gray-200\" style=\"width:100%;margin-top:20px;margin-bottom:20px;border-color:#f7f8fa;\"><\/div><h4 class=\"vcex-heading vcex-module wpex-text-2xl wpex-font-normal wpex-m-auto wpex-max-w-100 vcex-heading-plain wpex-h4 wpex-block wpex-text-center\" style=\"font-size:54px;\"><span class=\"vcex-heading-inner wpex-inline-block wpex-clr\">\u20ac 24.99*<\/span><\/h4>[vc_column_text text_align=&#8221;center&#8221;]<span class=\"interval\">al mes <\/span><\/p>\n<p>o bien<\/p>\n<p>Elija el pago anual y ahorre un 57% <span class=\"interval\">(\u20ac 10.83* al mes)<\/span>[\/vc_column_text]<div class=\"vcex-spacing wpex-w-100 wpex-clear\" style=\"height:30px;\"><\/div><div class=\"vcex-module vcex-bullets custom-icon\">\n<ul>\n<li><div class=\"vcex-bullets-ci-wrap wpex-inline-flex\"><span class=\"vcex-icon-wrap wpex-mr-10\"><span class=\"vcex-icon ticon ticon-check\" aria-hidden=\"true\" style=\"color:#223344;\"><\/span><\/span><div class=\"vcex-content wpex-flex-grow\">N\u00famero ilimitado de mediciones<\/div><\/div><\/li>\n<li><div class=\"vcex-bullets-ci-wrap wpex-inline-flex\"><span class=\"vcex-icon-wrap wpex-mr-10\"><span class=\"vcex-icon ticon ticon-check\" aria-hidden=\"true\" style=\"color:#223344;\"><\/span><\/span><div class=\"vcex-content wpex-flex-grow\">Una primera indicaci\u00f3n inmediata de si tu ritmo card\u00edaco es regular<\/div><\/div><\/li>\n<li><div class=\"vcex-bullets-ci-wrap wpex-inline-flex\"><span class=\"vcex-icon-wrap wpex-mr-10\"><span class=\"vcex-icon ticon ticon-check\" aria-hidden=\"true\" style=\"color:#223344;\"><\/span><\/span><div class=\"vcex-content wpex-flex-grow\">Comparte los resultados con tu m\u00e9dico<\/div><\/div><\/li>\n<li><div class=\"vcex-bullets-ci-wrap wpex-inline-flex\"><span class=\"vcex-icon-wrap wpex-mr-10\"><span class=\"vcex-icon ticon ticon-check\" aria-hidden=\"true\" style=\"color:#223344;\"><\/span><\/span><div class=\"vcex-content wpex-flex-grow\">Configura recordatorios<\/div><\/div><\/li>\n<li><div class=\"vcex-bullets-ci-wrap wpex-inline-flex\"><span class=\"vcex-icon-wrap wpex-mr-10\"><span class=\"vcex-icon ticon ticon-check\" aria-hidden=\"true\" style=\"color:#223344;\"><\/span><\/span><div class=\"vcex-content wpex-flex-grow\">Expertos m\u00e9dicos examinar\u00e1n las mediciones an\u00f3malas en un plazo de 48 horas y a continuaci\u00f3n recibir\u00e1s un resultado detallado.<\/div><\/div><\/li>\n<li><div class=\"vcex-bullets-ci-wrap wpex-inline-flex\"><span class=\"vcex-icon-wrap wpex-mr-10\"><span class=\"vcex-icon ticon ticon-check\" aria-hidden=\"true\" style=\"color:#223344;\"><\/span><\/span><div class=\"vcex-content wpex-flex-grow\">Informes semanales detallados<\/div><\/div><\/li>\n<\/ul>\n<\/div><div class=\"vcex-spacing wpex-w-100 wpex-clear visible-desktop\" style=\"height:139px;\"><\/div><div class=\"vcex-spacing wpex-w-100 wpex-clear hidden-desktop\" style=\"height:30px;\"><\/div><div class=\"textcenter theme-button-wrap wpex-clr\"><a href=\"https:\/\/fibricheck.app.link\/8qUf5EkTEib\" class=\"vcex-button theme-button align-center inline\" style=\"background:#223344;\"><span class=\"theme-button-inner\">Elige Premium<\/span><\/a><\/div> <div class=\"vcex-spacing wpex-w-100 wpex-clear\" style=\"height:30px;\"><\/div><h3 class=\"vcex-heading vcex-module wpex-text-2xl wpex-font-normal wpex-m-auto wpex-max-w-100 vcex-heading-plain wpex-h3 wpex-block wpex-text-center\" style=\"color:#223344;\"><span class=\"vcex-heading-inner wpex-inline-block wpex-clr\">\u00bfPara qui\u00e9n?<\/span><\/h3><div class=\"vcex-spacing wpex-w-100 wpex-clear\" style=\"height:30px;\"><\/div>[vc_column_text font_weight=&#8221;bold&#8221;]Sientes regularmente s\u00edntomas como taquicardia o mareos, o te cansas enseguida.<\/p>\n<p>Durante el periodo de prueba gratuita, una o m\u00e1s mediciones se salieron de lo normal.<\/p>\n<p>Ya te han diagnosticado un trastorno del ritmo card\u00edaco.<\/p>\n<p>Quieres usar FibriCheck para hacer un seguimiento de tu tratamiento y tu ritmo card\u00edaco.[\/vc_column_text]<div class=\"vcex-spacing wpex-w-100 wpex-clear\" style=\"height:30px;\"><\/div><div class=\"textcenter theme-button-wrap wpex-clr\"><a href=\"https:\/\/fibricheck.app.link\/8qUf5EkTEib\" class=\"vcex-button theme-button align-center inline\" style=\"background:#223344;\"><span class=\"theme-button-inner\">Elige Premium<\/span><\/a><\/div> <div class=\"vcex-spacing wpex-w-100 wpex-clear\" style=\"height:30px;\"><\/div>[\/vc_column_inner][vc_column_inner width=&#8221;1\/6&#8243;][\/vc_column_inner][\/vc_row_inner][\/vc_column][\/vc_row][vc_row full_width=&#8221;stretch_row&#8221; el_class=&#8221;grey pricing&#8221;][vc_column][vc_column_text el_class=&#8221;footnote&#8221; text_align=&#8221;center&#8221;]<em>* Tenga en cuenta que los precios exactos pueden variar en funci\u00f3n de su ubicaci\u00f3n, la moneda y los tipos de cambio.<\/em>[\/vc_column_text][\/vc_column][\/vc_row]\n","protected":false},"excerpt":{"rendered":"<p>[vc_row full_width=&#8221;stretch_row_content_no_spaces&#8221; content_placement=&#8221;middle&#8221; equal_height=&#8221;yes&#8221; remove_bottom_col_margin=&#8221;true&#8221; typography_style=&#8221;white&#8221; min_height=&#8221;500px&#8221; css=&#8221;.vc_custom_1649402289607{padding-top: 0px !important;}&#8221;][vc_column width=&#8221;1\/2&#8243; el_class=&#8221;containered-col&#8221;][vc_single_image image=&#8221;13945&#8243;][\/vc_column][vc_column width=&#8221;1\/2&#8243; wpex_bg_position=&#8221;center center&#8221; wpex_bg_size=&#8221;cover&#8221; css=&#8221;.vc_custom_1649403264035{padding-left: 20px !important;}&#8221;][vc_column_text color=&#8221;#223344&#8243;]Acceso a todas las funciones de la aplicaci\u00f3n FibriCheck Despu\u00e9s de tu periodo de prueba gratuita, recibir\u00e1s un informe personal Nuestros expertos m\u00e9dicos examinar\u00e1n cualquier medici\u00f3n an\u00f3mala[\/vc_column_text][\/vc_column][\/vc_row][vc_row full_width=&#8221;stretch_row&#8221; el_class=&#8221;grey pricing&#8221;][vc_column][vc_row_inner gap=&#8221;20&#8243;][vc_column_inner width=&#8221;1\/6&#8243;][\/vc_column_inner][vc_column_inner width=&#8221;1\/3&#8243; css=&#8221;.vc_custom_1626277561907{background-color: #ffffff&hellip;<\/p>\n","protected":false},"author":5,"featured_media":4881,"parent":0,"menu_order":0,"comment_status":"closed","ping_status":"closed","template":"","meta":{"_acf_changed":false,"_seopress_robots_primary_cat":"","_seopress_titles_title":"Kies de formule die bij jou past voor de juiste prijs %%sep%% %%sitename%%","_seopress_titles_desc":"Je hartritme controleren duurt maar 60 seconden met FibriCheck app. We helpen je graag op weg bij het selecteren van de juiste formule voor de juiste prijs.","_seopress_robots_index":"","_monsterinsights_skip_tracking":false,"_monsterinsights_sitenote_active":false,"_monsterinsights_sitenote_note":"","_monsterinsights_sitenote_category":0,"footnotes":""},"class_list":["post-10432","page","type-page","status-publish","has-post-thumbnail","hentry","entry","has-media"],"acf":[],"_links":{"self":[{"href":"https:\/\/www.fibricheck.com\/es\/wp-json\/wp\/v2\/pages\/10432","targetHints":{"allow":["GET"]}}],"collection":[{"href":"https:\/\/www.fibricheck.com\/es\/wp-json\/wp\/v2\/pages"}],"about":[{"href":"https:\/\/www.fibricheck.com\/es\/wp-json\/wp\/v2\/types\/page"}],"author":[{"embeddable":true,"href":"https:\/\/www.fibricheck.com\/es\/wp-json\/wp\/v2\/users\/5"}],"replies":[{"embeddable":true,"href":"https:\/\/www.fibricheck.com\/es\/wp-json\/wp\/v2\/comments?post=10432"}],"version-history":[{"count":15,"href":"https:\/\/www.fibricheck.com\/es\/wp-json\/wp\/v2\/pages\/10432\/revisions"}],"predecessor-version":[{"id":23719,"href":"https:\/\/www.fibricheck.com\/es\/wp-json\/wp\/v2\/pages\/10432\/revisions\/23719"}],"wp:featuredmedia":[{"embeddable":true,"href":"https:\/\/www.fibricheck.com\/es\/wp-json\/wp\/v2\/media\/4881"}],"wp:attachment":[{"href":"https:\/\/www.fibricheck.com\/es\/wp-json\/wp\/v2\/media?parent=10432"}],"curies":[{"name":"wp","href":"https:\/\/api.w.org\/{rel}","templated":true}]}}