{"id":10423,"date":"2021-03-31T12:32:57","date_gmt":"2021-03-31T12:32:57","guid":{"rendered":"https:\/\/www.fibricheck.com\/?page_id=10423"},"modified":"2022-10-19T12:02:48","modified_gmt":"2022-10-19T11:02:48","slug":"politique-de-confidentialite-fibricheck-enquete-dutilisation","status":"publish","type":"page","link":"https:\/\/www.fibricheck.com\/fr\/politique-de-confidentialite-fibricheck-enquete-dutilisation\/","title":{"rendered":"Politique de confidentialit\u00e9 FibriCheck \u2013 Enqu\u00eate d\u2019utilisation"},"content":{"rendered":"[vc_row type=&#8221;in_container&#8221; full_screen_row_position=&#8221;middle&#8221; column_margin=&#8221;default&#8221; column_direction=&#8221;default&#8221; column_direction_tablet=&#8221;default&#8221; column_direction_phone=&#8221;default&#8221; scene_position=&#8221;center&#8221; text_color=&#8221;dark&#8221; text_align=&#8221;left&#8221; row_border_radius=&#8221;none&#8221; row_border_radius_applies=&#8221;bg&#8221; overlay_strength=&#8221;0.3&#8243; gradient_direction=&#8221;left_to_right&#8221; shape_divider_position=&#8221;bottom&#8221; bg_image_animation=&#8221;none&#8221;][vc_column column_padding=&#8221;no-extra-padding&#8221; column_padding_tablet=&#8221;inherit&#8221; column_padding_phone=&#8221;inherit&#8221; column_padding_position=&#8221;all&#8221; background_color_opacity=&#8221;1&#8243; background_hover_color_opacity=&#8221;1&#8243; column_shadow=&#8221;none&#8221; column_border_radius=&#8221;none&#8221; column_link_target=&#8221;_self&#8221; gradient_direction=&#8221;left_to_right&#8221; overlay_strength=&#8221;0.3&#8243; tablet_width_inherit=&#8221;default&#8221; tablet_text_alignment=&#8221;default&#8221; phone_text_alignment=&#8221;default&#8221; column_border_width=&#8221;none&#8221; column_border_style=&#8221;solid&#8221; bg_image_animation=&#8221;none&#8221;][vc_column_text]Nous accordons beaucoup d\u2019importance \u00e0 la protection de votre vie priv\u00e9e ! Le pr\u00e9sent Avis de confidentialit\u00e9 explique comment nous traitons vos donn\u00e9es lorsque vous participez \u00e0 notre enqu\u00eate d\u2019utilisation.<br \/>\nQompium (\u00ab FibriCheck \u00bb ou \u00ab nous \u00bb) agit ici en tant que responsable du traitement en ce qui concerne le traitement de vos donn\u00e9es \u00e0 caract\u00e8re personnel et veille \u00e0 la protection de votre vie priv\u00e9e.[\/vc_column_text][\/vc_column][\/vc_row][vc_row type=&#8221;in_container&#8221; full_screen_row_position=&#8221;middle&#8221; column_margin=&#8221;default&#8221; column_direction=&#8221;default&#8221; column_direction_tablet=&#8221;default&#8221; column_direction_phone=&#8221;default&#8221; scene_position=&#8221;center&#8221; text_color=&#8221;dark&#8221; text_align=&#8221;left&#8221; row_border_radius=&#8221;none&#8221; row_border_radius_applies=&#8221;bg&#8221; overlay_strength=&#8221;0.3&#8243; gradient_direction=&#8221;left_to_right&#8221; shape_divider_position=&#8221;bottom&#8221; bg_image_animation=&#8221;none&#8221;][vc_column column_padding=&#8221;no-extra-padding&#8221; column_padding_tablet=&#8221;inherit&#8221; column_padding_phone=&#8221;inherit&#8221; column_padding_position=&#8221;all&#8221; background_color_opacity=&#8221;1&#8243; background_hover_color_opacity=&#8221;1&#8243; column_shadow=&#8221;none&#8221; column_border_radius=&#8221;none&#8221; column_link_target=&#8221;_self&#8221; gradient_direction=&#8221;left_to_right&#8221; overlay_strength=&#8221;0.3&#8243; tablet_width_inherit=&#8221;default&#8221; tablet_text_alignment=&#8221;default&#8221; phone_text_alignment=&#8221;default&#8221; column_border_width=&#8221;none&#8221; column_border_style=&#8221;solid&#8221; bg_image_animation=&#8221;none&#8221;][vc_column_text]\n<h3>Quelles sont les informations que nous recueillons \u00e0 votre sujet ?<\/h3>\n<ul>\n<li>Lorsque vous acceptez de participer \u00e0 l\u2019enqu\u00eate d\u2019utilisation, nous collectons uniquement les donn\u00e9es que vous nous fournissez en remplissant le questionnaire.<\/li>\n<li>\u00c9tant donn\u00e9 que FibriCheck est une application mobile pour la sant\u00e9, un certain nombre de questions portent sur votre sant\u00e9. Les r\u00e9ponses \u00e0 ces questions (qui contiennent des donn\u00e9es relatives \u00e0 la sant\u00e9) seront bien entendu trait\u00e9es et administr\u00e9es comme des informations hautement confidentielles.<\/li>\n<\/ul>\n[\/vc_column_text][\/vc_column][\/vc_row][vc_row type=&#8221;in_container&#8221; full_screen_row_position=&#8221;middle&#8221; column_margin=&#8221;default&#8221; column_direction=&#8221;default&#8221; column_direction_tablet=&#8221;default&#8221; column_direction_phone=&#8221;default&#8221; scene_position=&#8221;center&#8221; text_color=&#8221;dark&#8221; text_align=&#8221;left&#8221; row_border_radius=&#8221;none&#8221; row_border_radius_applies=&#8221;bg&#8221; overlay_strength=&#8221;0.3&#8243; gradient_direction=&#8221;left_to_right&#8221; shape_divider_position=&#8221;bottom&#8221; bg_image_animation=&#8221;none&#8221;][vc_column column_padding=&#8221;no-extra-padding&#8221; column_padding_tablet=&#8221;inherit&#8221; column_padding_phone=&#8221;inherit&#8221; column_padding_position=&#8221;all&#8221; background_color_opacity=&#8221;1&#8243; background_hover_color_opacity=&#8221;1&#8243; column_shadow=&#8221;none&#8221; column_border_radius=&#8221;none&#8221; column_link_target=&#8221;_self&#8221; gradient_direction=&#8221;left_to_right&#8221; overlay_strength=&#8221;0.3&#8243; tablet_width_inherit=&#8221;default&#8221; tablet_text_alignment=&#8221;default&#8221; phone_text_alignment=&#8221;default&#8221; column_border_width=&#8221;none&#8221; column_border_style=&#8221;solid&#8221; bg_image_animation=&#8221;none&#8221;][vc_column_text]\n<h3>Pourquoi recueillons-nous ces informations ?<\/h3>\n<ul>\n<li>FibriCheck collecte et traite vos donn\u00e9es principalement pour am\u00e9liorer la qualit\u00e9 de notre application et des services connexes.<\/li>\n<li>Nous pouvons \u00e9galement utiliser vos donn\u00e9es pour le d\u00e9veloppement de nouveaux services et produits et de nouvelles fonctionnalit\u00e9s \u00e0 l&#8217;avenir.<\/li>\n<li>Enfin, vos r\u00e9ponses sont \u00e9galement utilis\u00e9es pour mieux vous conna\u00eetre en tant qu\u2019utilisateur ou non de FibriCheck et pour pouvoir vous offrir ainsi un service encore plus personnalis\u00e9. Apr\u00e8s tout, il s&#8217;agit de vous et de votre sant\u00e9.<\/li>\n<\/ul>\n[\/vc_column_text][\/vc_column][\/vc_row][vc_row type=&#8221;in_container&#8221; full_screen_row_position=&#8221;middle&#8221; column_margin=&#8221;default&#8221; column_direction=&#8221;default&#8221; column_direction_tablet=&#8221;default&#8221; column_direction_phone=&#8221;default&#8221; scene_position=&#8221;center&#8221; text_color=&#8221;dark&#8221; text_align=&#8221;left&#8221; row_border_radius=&#8221;none&#8221; row_border_radius_applies=&#8221;bg&#8221; overlay_strength=&#8221;0.3&#8243; gradient_direction=&#8221;left_to_right&#8221; shape_divider_position=&#8221;bottom&#8221; bg_image_animation=&#8221;none&#8221;][vc_column column_padding=&#8221;no-extra-padding&#8221; column_padding_tablet=&#8221;inherit&#8221; column_padding_phone=&#8221;inherit&#8221; column_padding_position=&#8221;all&#8221; background_color_opacity=&#8221;1&#8243; background_hover_color_opacity=&#8221;1&#8243; column_shadow=&#8221;none&#8221; column_border_radius=&#8221;none&#8221; column_link_target=&#8221;_self&#8221; gradient_direction=&#8221;left_to_right&#8221; overlay_strength=&#8221;0.3&#8243; tablet_width_inherit=&#8221;default&#8221; tablet_text_alignment=&#8221;default&#8221; phone_text_alignment=&#8221;default&#8221; column_border_width=&#8221;none&#8221; column_border_style=&#8221;solid&#8221; bg_image_animation=&#8221;none&#8221;][vc_column_text]\n<h3>Qui a acc\u00e8s \u00e0 vos donn\u00e9es \u00e0 caract\u00e8re personnel ?<\/h3>\n<ul>\n<li>Seule une \u00e9quipe r\u00e9duite au sein de notre entreprise traitera vos r\u00e9ponses aux fins indiqu\u00e9es ci-dessus. Ces personnes travaillent en toute confiance, dans le respect de r\u00e8gles strictes de confidentialit\u00e9, et pr\u00eateront une attention toute particuli\u00e8re au traitement de vos donn\u00e9es et de vos r\u00e9ponses.<\/li>\n<li>Tout d\u2019abord, il est important de savoir que vos donn\u00e9es \u00e0 caract\u00e8re personnel ne seront en aucun cas vendues ni mises \u00e0 la disposition de tiers.<\/li>\n<li>Par ailleurs, vous devez savoir que nous utilisons les logiciels suivants pour la r\u00e9alisation de notre enqu\u00eate aupr\u00e8s des utilisateurs\u00a0:\n<ul>\n<li>Typeform (HQ \u2013 Espagne) pour cr\u00e9er les questionnaires. La soci\u00e9t\u00e9 Typeform aura seulement acc\u00e8s \u00e0 vos r\u00e9ponses, mais ignorera que vous les avez donn\u00e9es. Par cons\u00e9quent, vous, en tant qu\u2019individu, ne pouvez pas \u00eatre directement identifi\u00e9 par Typeform.<\/li>\n<li>Active Campaign (HQ \u2013 \u00c9tats-Unis) pour l\u2019envoi des e-mails avec un lien vers les questionnaires (cr\u00e9\u00e9s dans Typeform). La soci\u00e9t\u00e9 Active Campaign n\u2019aura acc\u00e8s qu\u2019\u00e0 vos donn\u00e9es d\u2019identification (autrement dit, votre nom et votre adresse \u00e9lectronique) et donc pas \u00e0 vos r\u00e9ponses \u00e0 l\u2019enqu\u00eate.<\/li>\n<li>Braze (HQ \u2013 \u00c9tats-Unis) pour l\u2019envoi de liens vers les questionnaires via (des messages dans) l\u2019application FibriCheck et l\u2019enregistrement\/le traitement des r\u00e9ponses aux questionnaires. La soci\u00e9t\u00e9 Braze aura donc acc\u00e8s \u00e0 vos donn\u00e9es d\u2019identification (autrement dit, votre nom et votre adresse \u00e9lectronique) et \u00e0 vos r\u00e9ponses \u00e0 l\u2019enqu\u00eate. Bien que Braze soit une soci\u00e9t\u00e9 am\u00e9ricaine, toutes les donn\u00e9es seront conserv\u00e9es en Europe et non aux \u00c9tats-Unis.<\/li>\n<\/ul>\n<\/li>\n<li>Si vous n\u2019\u00eates pas d\u2019accord, nous devons vous demander de ne pas participer \u00e0 l\u2019enqu\u00eate d\u2019utilisation. Votre choix n\u2019a aucune incidence sur l\u2019avenir et\/ou sur votre utilisation de FibriCheck. Toutefois, il est possible que les services qui vous sont propos\u00e9s soient moins adapt\u00e9s \u00e0 vos besoins.<\/li>\n<\/ul>\n[\/vc_column_text][\/vc_column][\/vc_row][vc_row type=&#8221;in_container&#8221; full_screen_row_position=&#8221;middle&#8221; column_margin=&#8221;default&#8221; column_direction=&#8221;default&#8221; column_direction_tablet=&#8221;default&#8221; column_direction_phone=&#8221;default&#8221; scene_position=&#8221;center&#8221; text_color=&#8221;dark&#8221; text_align=&#8221;left&#8221; row_border_radius=&#8221;none&#8221; row_border_radius_applies=&#8221;bg&#8221; overlay_strength=&#8221;0.3&#8243; gradient_direction=&#8221;left_to_right&#8221; shape_divider_position=&#8221;bottom&#8221; bg_image_animation=&#8221;none&#8221;][vc_column column_padding=&#8221;no-extra-padding&#8221; column_padding_tablet=&#8221;inherit&#8221; column_padding_phone=&#8221;inherit&#8221; column_padding_position=&#8221;all&#8221; background_color_opacity=&#8221;1&#8243; background_hover_color_opacity=&#8221;1&#8243; column_shadow=&#8221;none&#8221; column_border_radius=&#8221;none&#8221; column_link_target=&#8221;_self&#8221; gradient_direction=&#8221;left_to_right&#8221; overlay_strength=&#8221;0.3&#8243; tablet_width_inherit=&#8221;default&#8221; tablet_text_alignment=&#8221;default&#8221; phone_text_alignment=&#8221;default&#8221; column_border_width=&#8221;none&#8221; column_border_style=&#8221;solid&#8221; bg_image_animation=&#8221;none&#8221;][vc_column_text]\n<h3>Combien de temps conservons-nous vos r\u00e9ponses \u00e0 notre enqu\u00eate ?<\/h3>\n<ul>\n<li>Nous conservons vos r\u00e9ponses pendant une p\u00e9riode maximale de 24 mois.<\/li>\n<\/ul>\n[\/vc_column_text][\/vc_column][\/vc_row][vc_row type=&#8221;in_container&#8221; full_screen_row_position=&#8221;middle&#8221; column_margin=&#8221;default&#8221; column_direction=&#8221;default&#8221; column_direction_tablet=&#8221;default&#8221; column_direction_phone=&#8221;default&#8221; scene_position=&#8221;center&#8221; text_color=&#8221;dark&#8221; text_align=&#8221;left&#8221; row_border_radius=&#8221;none&#8221; row_border_radius_applies=&#8221;bg&#8221; overlay_strength=&#8221;0.3&#8243; gradient_direction=&#8221;left_to_right&#8221; shape_divider_position=&#8221;bottom&#8221; bg_image_animation=&#8221;none&#8221;][vc_column column_padding=&#8221;no-extra-padding&#8221; column_padding_tablet=&#8221;inherit&#8221; column_padding_phone=&#8221;inherit&#8221; column_padding_position=&#8221;all&#8221; background_color_opacity=&#8221;1&#8243; background_hover_color_opacity=&#8221;1&#8243; column_shadow=&#8221;none&#8221; column_border_radius=&#8221;none&#8221; column_link_target=&#8221;_self&#8221; gradient_direction=&#8221;left_to_right&#8221; overlay_strength=&#8221;0.3&#8243; tablet_width_inherit=&#8221;default&#8221; tablet_text_alignment=&#8221;default&#8221; phone_text_alignment=&#8221;default&#8221; column_border_width=&#8221;none&#8221; column_border_style=&#8221;solid&#8221; bg_image_animation=&#8221;none&#8221;][vc_column_text]\n<h3>Quels sont vos droits ?<\/h3>\n<ul>\n<li>Vous pouvez \u00e0 tout moment nous solliciter l\u2019acc\u00e8s \u00e0 vos donn\u00e9es \u00e0 caract\u00e8re personnel (telles que vos r\u00e9ponses \u00e0 l\u2019enqu\u00eate), nous demander de corriger ou de supprimer ces donn\u00e9es. Pour cela, vous pouvez envoyer un e-mail \u00e0 <a style=\"color: #1e8d95;\" target=\"_blank\" rel=\"noopener\">dpo@fibricheck.be<\/a>.<\/li>\n<\/ul>\n[\/vc_column_text][\/vc_column][\/vc_row][vc_row type=&#8221;in_container&#8221; full_screen_row_position=&#8221;middle&#8221; column_margin=&#8221;default&#8221; column_direction=&#8221;default&#8221; column_direction_tablet=&#8221;default&#8221; column_direction_phone=&#8221;default&#8221; scene_position=&#8221;center&#8221; text_color=&#8221;dark&#8221; text_align=&#8221;left&#8221; row_border_radius=&#8221;none&#8221; row_border_radius_applies=&#8221;bg&#8221; overlay_strength=&#8221;0.3&#8243; gradient_direction=&#8221;left_to_right&#8221; shape_divider_position=&#8221;bottom&#8221; bg_image_animation=&#8221;none&#8221;][vc_column column_padding=&#8221;no-extra-padding&#8221; column_padding_tablet=&#8221;inherit&#8221; column_padding_phone=&#8221;inherit&#8221; column_padding_position=&#8221;all&#8221; background_color_opacity=&#8221;1&#8243; background_hover_color_opacity=&#8221;1&#8243; column_shadow=&#8221;none&#8221; column_border_radius=&#8221;none&#8221; column_link_target=&#8221;_self&#8221; gradient_direction=&#8221;left_to_right&#8221; overlay_strength=&#8221;0.3&#8243; tablet_width_inherit=&#8221;default&#8221; tablet_text_alignment=&#8221;default&#8221; phone_text_alignment=&#8221;default&#8221; column_border_width=&#8221;none&#8221; column_border_style=&#8221;solid&#8221; bg_image_animation=&#8221;none&#8221;][vc_column_text]\n<h3>Que faisons-nous pour prot\u00e9ger vos donn\u00e9es \u00e0 caract\u00e8re personnel ?<\/h3>\n<ul>\n<li>Nous avons adopt\u00e9 toutes sortes de mesures de s\u00e9curit\u00e9 avanc\u00e9es, tant au niveau technique qu\u2019organisationnel, afin de prot\u00e9ger vos donn\u00e9es contre tout traitement non autoris\u00e9 ou illicite de vos donn\u00e9es \u00e0 caract\u00e8re personnel ou contre la perte, la destruction ou l\u2019endommagement de ces donn\u00e9es, l\u2019acc\u00e8s aux donn\u00e9es et la divulgation ou l\u2019utilisation accidentelles de ces donn\u00e9es.<\/li>\n<li>Vos donn\u00e9es \u00e0 caract\u00e8re personnel collect\u00e9es dans le cadre de l\u2019enqu\u00eate d\u2019utilisation seront conserv\u00e9es pendant 24 mois.<\/li>\n<li>Si vous souhaitez en savoir plus, nous vous invitons \u00e0 consulter notre Politique g\u00e9n\u00e9rale de confidentialit\u00e9 (disponible sur notre site Web si vous n\u2019\u00eates pas un utilisateur de FibriCheck ou dans l&#8217;application FibriCheck si vous \u00eates un utilisateur). Vous trouverez dans ces documents toutes les explications d\u00e9taill\u00e9es dont vous avez besoin.<\/li>\n<\/ul>\n[\/vc_column_text][\/vc_column][\/vc_row]\n","protected":false},"excerpt":{"rendered":"<p>[vc_row type=&#8221;in_container&#8221; full_screen_row_position=&#8221;middle&#8221; column_margin=&#8221;default&#8221; column_direction=&#8221;default&#8221; column_direction_tablet=&#8221;default&#8221; column_direction_phone=&#8221;default&#8221; scene_position=&#8221;center&#8221; text_color=&#8221;dark&#8221; text_align=&#8221;left&#8221; row_border_radius=&#8221;none&#8221; row_border_radius_applies=&#8221;bg&#8221; overlay_strength=&#8221;0.3&#8243; gradient_direction=&#8221;left_to_right&#8221; shape_divider_position=&#8221;bottom&#8221; bg_image_animation=&#8221;none&#8221;][vc_column column_padding=&#8221;no-extra-padding&#8221; column_padding_tablet=&#8221;inherit&#8221; column_padding_phone=&#8221;inherit&#8221; column_padding_position=&#8221;all&#8221; background_color_opacity=&#8221;1&#8243; background_hover_color_opacity=&#8221;1&#8243; column_shadow=&#8221;none&#8221; column_border_radius=&#8221;none&#8221; column_link_target=&#8221;_self&#8221; gradient_direction=&#8221;left_to_right&#8221; overlay_strength=&#8221;0.3&#8243; tablet_width_inherit=&#8221;default&#8221; tablet_text_alignment=&#8221;default&#8221; phone_text_alignment=&#8221;default&#8221; column_border_width=&#8221;none&#8221; column_border_style=&#8221;solid&#8221; bg_image_animation=&#8221;none&#8221;][vc_column_text]Nous accordons beaucoup d\u2019importance \u00e0 la protection de votre vie priv\u00e9e ! Le pr\u00e9sent Avis de confidentialit\u00e9 explique comment nous traitons vos donn\u00e9es&hellip;<\/p>\n","protected":false},"author":19,"featured_media":0,"parent":0,"menu_order":0,"comment_status":"closed","ping_status":"closed","template":"","meta":{"_acf_changed":false,"_seopress_robots_primary_cat":"","_seopress_titles_title":"","_seopress_titles_desc":"Le pr\u00e9sent avis de confidentialit\u00e9 explique comment nous traitons vos donn\u00e9es lorsque vous participez \u00e0 notre enqu\u00eate d\u2019utilisation.","_seopress_robots_index":"","_monsterinsights_skip_tracking":false,"_monsterinsights_sitenote_active":false,"_monsterinsights_sitenote_note":"","_monsterinsights_sitenote_category":0,"footnotes":""},"class_list":["post-10423","page","type-page","status-publish","hentry","entry","no-media"],"acf":[],"_links":{"self":[{"href":"https:\/\/www.fibricheck.com\/fr\/wp-json\/wp\/v2\/pages\/10423","targetHints":{"allow":["GET"]}}],"collection":[{"href":"https:\/\/www.fibricheck.com\/fr\/wp-json\/wp\/v2\/pages"}],"about":[{"href":"https:\/\/www.fibricheck.com\/fr\/wp-json\/wp\/v2\/types\/page"}],"author":[{"embeddable":true,"href":"https:\/\/www.fibricheck.com\/fr\/wp-json\/wp\/v2\/users\/19"}],"replies":[{"embeddable":true,"href":"https:\/\/www.fibricheck.com\/fr\/wp-json\/wp\/v2\/comments?post=10423"}],"version-history":[{"count":1,"href":"https:\/\/www.fibricheck.com\/fr\/wp-json\/wp\/v2\/pages\/10423\/revisions"}],"predecessor-version":[{"id":17426,"href":"https:\/\/www.fibricheck.com\/fr\/wp-json\/wp\/v2\/pages\/10423\/revisions\/17426"}],"wp:attachment":[{"href":"https:\/\/www.fibricheck.com\/fr\/wp-json\/wp\/v2\/media?parent=10423"}],"curies":[{"name":"wp","href":"https:\/\/api.w.org\/{rel}","templated":true}]}}