{"id":11017,"date":"2021-07-22T14:53:04","date_gmt":"2021-07-22T14:53:04","guid":{"rendered":"https:\/\/www.fibricheck.com\/?page_id=11017"},"modified":"2021-10-20T08:28:24","modified_gmt":"2021-10-20T08:28:24","slug":"telechargez-lapplication-sms","status":"publish","type":"page","link":"https:\/\/www.fibricheck.com\/fr\/telechargez-lapplication-sms\/","title":{"rendered":"T\u00e9l\u00e9chargez l&#8217;application &#8211; SMS"},"content":{"rendered":"[vc_row type=&#8221;in_container&#8221; full_screen_row_position=&#8221;middle&#8221; column_margin=&#8221;default&#8221; column_direction=&#8221;default&#8221; column_direction_tablet=&#8221;default&#8221; column_direction_phone=&#8221;default&#8221; scene_position=&#8221;center&#8221; text_color=&#8221;dark&#8221; text_align=&#8221;left&#8221; row_border_radius=&#8221;none&#8221; row_border_radius_applies=&#8221;bg&#8221; overlay_strength=&#8221;0.3&#8243; gradient_direction=&#8221;left_to_right&#8221; shape_divider_position=&#8221;bottom&#8221; bg_image_animation=&#8221;none&#8221;][vc_column column_padding=&#8221;no-extra-padding&#8221; column_padding_tablet=&#8221;inherit&#8221; column_padding_phone=&#8221;inherit&#8221; column_padding_position=&#8221;all&#8221; column_element_spacing=&#8221;default&#8221; background_color_opacity=&#8221;1&#8243; background_hover_color_opacity=&#8221;1&#8243; column_shadow=&#8221;none&#8221; column_border_radius=&#8221;none&#8221; column_link_target=&#8221;_self&#8221; gradient_direction=&#8221;left_to_right&#8221; overlay_strength=&#8221;0.3&#8243; tablet_width_inherit=&#8221;default&#8221; tablet_text_alignment=&#8221;default&#8221; phone_text_alignment=&#8221;default&#8221; bg_image_animation=&#8221;none&#8221; border_type=&#8221;simple&#8221; column_border_width=&#8221;none&#8221; column_border_style=&#8221;solid&#8221;][vc_custom_heading text=&#8221;Vous recevez un SMS unique qui vous permettra de t\u00e9l\u00e9charger l&#8217;application.&#8221; font_container=&#8221;tag:h3|text_align:center|color:%231e8d95&#8243; google_fonts=&#8221;font_family:Roboto%3A100%2C100italic%2C300%2C300italic%2Cregular%2Citalic%2C500%2C500italic%2C700%2C700italic%2C900%2C900italic|font_style:300%20light%20regular%3A300%3Anormal&#8221;][vc_column_text]\n<p style=\"text-align: center;\">En nous communiquant votre num\u00e9ro de t\u00e9l\u00e9phone, vous consentez \u00e0 ce que nous vous envoyions un seul message texte automatique avec un lien vers l\u2019application.<\/p>\n[\/vc_column_text][vc_column_text]\n<p style=\"text-align: center;\">Nous respectons votre vie priv\u00e9e et n\u2019envoyons qu\u2019un seul SMS.<\/p>\n[\/vc_column_text][\/vc_column][\/vc_row][vc_row][vc_column][vc_column_text]\n<p style=\"text-align: center;\"><iframe loading=\"lazy\" style=\"margin-left: auto;\" src=\"https:\/\/plugin.tools\/fibricheck\/\" width=\"300\" height=\"250\"> <\/iframe><\/p>\n[\/vc_column_text][\/vc_column][\/vc_row]\n","protected":false},"excerpt":{"rendered":"<p>[vc_row type=&#8221;in_container&#8221; full_screen_row_position=&#8221;middle&#8221; column_margin=&#8221;default&#8221; column_direction=&#8221;default&#8221; column_direction_tablet=&#8221;default&#8221; column_direction_phone=&#8221;default&#8221; scene_position=&#8221;center&#8221; text_color=&#8221;dark&#8221; text_align=&#8221;left&#8221; row_border_radius=&#8221;none&#8221; row_border_radius_applies=&#8221;bg&#8221; overlay_strength=&#8221;0.3&#8243; gradient_direction=&#8221;left_to_right&#8221; shape_divider_position=&#8221;bottom&#8221; bg_image_animation=&#8221;none&#8221;][vc_column column_padding=&#8221;no-extra-padding&#8221; column_padding_tablet=&#8221;inherit&#8221; column_padding_phone=&#8221;inherit&#8221; column_padding_position=&#8221;all&#8221; column_element_spacing=&#8221;default&#8221; background_color_opacity=&#8221;1&#8243; background_hover_color_opacity=&#8221;1&#8243; column_shadow=&#8221;none&#8221; column_border_radius=&#8221;none&#8221; column_link_target=&#8221;_self&#8221; gradient_direction=&#8221;left_to_right&#8221; overlay_strength=&#8221;0.3&#8243; tablet_width_inherit=&#8221;default&#8221; tablet_text_alignment=&#8221;default&#8221; phone_text_alignment=&#8221;default&#8221; bg_image_animation=&#8221;none&#8221; border_type=&#8221;simple&#8221; column_border_width=&#8221;none&#8221; column_border_style=&#8221;solid&#8221;][vc_custom_heading text=&#8221;Vous recevez un SMS unique qui vous permettra de t\u00e9l\u00e9charger l&#8217;application.&#8221; font_container=&#8221;tag:h3|text_align:center|color:%231e8d95&#8243; google_fonts=&#8221;font_family:Roboto%3A100%2C100italic%2C300%2C300italic%2Cregular%2Citalic%2C500%2C500italic%2C700%2C700italic%2C900%2C900italic|font_style:300%20light%20regular%3A300%3Anormal&#8221;][vc_column_text] En nous communiquant votre num\u00e9ro de t\u00e9l\u00e9phone,&hellip;<\/p>\n","protected":false},"author":19,"featured_media":9002,"parent":0,"menu_order":0,"comment_status":"closed","ping_status":"closed","template":"","meta":{"_acf_changed":false,"_seopress_robots_primary_cat":"","_seopress_titles_title":"","_seopress_titles_desc":"","_seopress_robots_index":"yes","_monsterinsights_skip_tracking":false,"_monsterinsights_sitenote_active":false,"_monsterinsights_sitenote_note":"","_monsterinsights_sitenote_category":0,"footnotes":""},"class_list":["post-11017","page","type-page","status-publish","has-post-thumbnail","hentry","entry","has-media"],"acf":[],"_links":{"self":[{"href":"https:\/\/www.fibricheck.com\/fr\/wp-json\/wp\/v2\/pages\/11017","targetHints":{"allow":["GET"]}}],"collection":[{"href":"https:\/\/www.fibricheck.com\/fr\/wp-json\/wp\/v2\/pages"}],"about":[{"href":"https:\/\/www.fibricheck.com\/fr\/wp-json\/wp\/v2\/types\/page"}],"author":[{"embeddable":true,"href":"https:\/\/www.fibricheck.com\/fr\/wp-json\/wp\/v2\/users\/19"}],"replies":[{"embeddable":true,"href":"https:\/\/www.fibricheck.com\/fr\/wp-json\/wp\/v2\/comments?post=11017"}],"version-history":[{"count":4,"href":"https:\/\/www.fibricheck.com\/fr\/wp-json\/wp\/v2\/pages\/11017\/revisions"}],"predecessor-version":[{"id":12935,"href":"https:\/\/www.fibricheck.com\/fr\/wp-json\/wp\/v2\/pages\/11017\/revisions\/12935"}],"wp:featuredmedia":[{"embeddable":true,"href":"https:\/\/www.fibricheck.com\/fr\/wp-json\/wp\/v2\/media\/9002"}],"wp:attachment":[{"href":"https:\/\/www.fibricheck.com\/fr\/wp-json\/wp\/v2\/media?parent=11017"}],"curies":[{"name":"wp","href":"https:\/\/api.w.org\/{rel}","templated":true}]}}