{"id":12992,"date":"2021-10-27T07:42:12","date_gmt":"2021-10-27T07:42:12","guid":{"rendered":"https:\/\/www.fibricheck.com\/?page_id=12992"},"modified":"2021-10-27T07:42:12","modified_gmt":"2021-10-27T07:42:12","slug":"world-stroke-day-fr","status":"publish","type":"page","link":"https:\/\/www.fibricheck.com\/fr\/world-stroke-day-fr\/","title":{"rendered":"Reconnaissez les signes d\u2019avertissement F.A.S.T."},"content":{"rendered":"[vc_row full_width=&#8221;stretch_row&#8221; video_bg=&#8221;youtube&#8221; video_bg_url=&#8221;https:\/\/www.youtube.com\/watch?v=AGiHeC8Bouw&#8221; video_bg_parallax=&#8221;content-moving-fade&#8221;][vc_column width=&#8221;2\/3&#8243;]<div class=\"vcex-spacing wpex-w-100 wpex-clear\" style=\"height:250px;\"><\/div>[vc_custom_heading text=&#8221;Chaque ann\u00e9e, 17 millions de personnes dans le monde sont victimes d\u2019un accident vasculaire c\u00e9r\u00e9bral. C&#8217;est la deuxi\u00e8me cause de d\u00e9c\u00e8s la plus fr\u00e9quente et l\u2019une des principales causes de handicap chez l\u2019adulte.&#8221; font_container=&#8221;tag:h3|text_align:left|color:%23ffffff&#8221; google_fonts=&#8221;font_family:Roboto%3A100%2C100italic%2C300%2C300italic%2Cregular%2Citalic%2C500%2C500italic%2C700%2C700italic%2C900%2C900italic|font_style:400%20regular%3A400%3Anormal&#8221; css=&#8221;.vc_custom_1635152596761{padding-top: 10px !important;padding-right: 10px !important;padding-bottom: 10px !important;padding-left: 10px !important;background-color: #223344 !important;}&#8221;][vc_column_text color=&#8221;#ffffff&#8221; css=&#8221;.vc_custom_1635157887420{padding-top: 10px !important;padding-right: 10px !important;padding-bottom: 10px !important;padding-left: 10px !important;background-color: #223344 !important;}&#8221;]C\u2019est pourquoi il est important d\u2019apprendre \u00e0 reconna\u00eetre les <strong>signes d\u2019avertissement F.A.S.T<\/strong>. Vous constatez qu\u2019une personne exp\u00e9rimente l\u2019un des signes suivants ? Appelez imm\u00e9diatement une ambulance. Lorsqu\u2019une personne est victime d\u2019un AVC, chaque minute compte.[\/vc_column_text]<div class=\"vcex-spacing wpex-w-100 wpex-clear\" style=\"height:70px;\"><\/div>[\/vc_column][\/vc_row][vc_row][vc_column]<div class=\"vcex-spacing wpex-w-100 wpex-clear\" style=\"height:20px;\"><\/div>[\/vc_column][\/vc_row][vc_row][vc_column][vc_custom_heading text=&#8221;Signes d\u2019avertissement F.A.S.T.&#8221; font_container=&#8221;tag:h2|text_align:center&#8221; google_fonts=&#8221;font_family:Roboto%3A100%2C100italic%2C300%2C300italic%2Cregular%2Citalic%2C500%2C500italic%2C700%2C700italic%2C900%2C900italic|font_style:400%20regular%3A400%3Anormal&#8221;]<div class=\"vcex-spacing wpex-w-100 wpex-clear\" style=\"height:20px;\"><\/div>[vc_column_text font_size=&#8221;18&#8243;]\n<p style=\"text-align: center;\">Utilisez les lettres de F.A.S.T. pour rep\u00e9rer un AVC.<\/p>\n[\/vc_column_text][\/vc_column][\/vc_row][vc_row][vc_column width=&#8221;1\/4&#8243;][vc_single_image image=&#8221;12958&#8243; img_size=&#8221;200&#215;200&#8243; alignment=&#8221;center&#8221;][vc_column_text font_size=&#8221;18&#8243;]\n<h3 style=\"text-align: center;\"><strong>Face (Visage)<\/strong><\/h3>\n<p style=\"text-align: center;\">Demandez \u00e0 la personne de sourire. Si sa bouche est de travers ou qu\u2019un c\u00f4t\u00e9 du visage pend vers le bas, cela pourrait indiquer un AVC.<\/p>\n[\/vc_column_text][\/vc_column][vc_column width=&#8221;1\/4&#8243;][vc_single_image image=&#8221;12970&#8243; img_size=&#8221;200&#215;200&#8243; alignment=&#8221;center&#8221;][vc_column_text font_size=&#8221;18&#8243;]\n<h3 style=\"text-align: center;\"><strong>Arm (Bras)<\/strong><\/h3>\n<p style=\"text-align: center;\">Demandez \u00e0 la victime de tendre les deux bras vers l&#8217;avant et v\u00e9rifiez qu\u2019elle l\u00e8ve les deux bras en m\u00eame temps. Si ce n&#8217;est pas le cas, cela pourrait indiquer un AVC.<\/p>\n[\/vc_column_text][\/vc_column][vc_column width=&#8221;1\/4&#8243;][vc_single_image image=&#8221;12964&#8243; img_size=&#8221;200&#215;200&#8243; alignment=&#8221;center&#8221;][vc_column_text font_size=&#8221;18&#8243;]\n<h3 style=\"text-align: center;\"><strong>Speech (Parole)<\/strong><\/h3>\n<p style=\"text-align: center;\">\u00c9coutez si la victime parle de mani\u00e8re confuse, n&#8217;arrive pas \u00e0 s&#8217;exprimer ou \u00e9prouve des difficult\u00e9s \u00e0 vous comprendre.<\/p>\n[\/vc_column_text][\/vc_column][vc_column width=&#8221;1\/4&#8243;][vc_single_image image=&#8221;12976&#8243; img_size=&#8221;200&#215;200&#8243; alignment=&#8221;center&#8221;][vc_column_text font_size=&#8221;18&#8243;]\n<h3 style=\"text-align: center;\"><b>Time (Dur\u00e9e)<\/b><\/h3>\n<div style=\"text-align: center;\">Appelez les secours m\u00e9dicaux d\u00e8s que possible afin de limiter les dommages.<\/div>\n[\/vc_column_text][\/vc_column][\/vc_row][vc_row][vc_column][vc_custom_heading text=&#8221;Autres sympt\u00f4mes de l\u2019AVC&#8221; font_container=&#8221;tag:h2|text_align:center&#8221; google_fonts=&#8221;font_family:Roboto%3A100%2C100italic%2C300%2C300italic%2Cregular%2Citalic%2C500%2C500italic%2C700%2C700italic%2C900%2C900italic|font_style:400%20regular%3A400%3Anormal&#8221;]<div class=\"vcex-spacing wpex-w-100 wpex-clear\" style=\"height:20px;\"><\/div>[\/vc_column][\/vc_row][vc_row][vc_column width=&#8221;2\/3&#8243;][vc_column_text font_size=&#8221;18&#8243;]Pr\u00eatez attention aux sympt\u00f4mes soudains suivants\u00a0:<\/p>\n<ul>\n<li>ENGOURDISSEMENT ou faiblesse du visage, des bras ou des jambes, en particulier d\u2019un seul c\u00f4t\u00e9 du corps.<\/li>\n<li>CONFUSION, difficult\u00e9 \u00e0 parler ou \u00e0 comprendre la parole<\/li>\n<li>TROUBLES DE LA VUE affectant un \u0153il ou les deux yeux<\/li>\n<li>DIFFICULT\u00c9 \u00c0 MARCHER, vertiges, pertes d\u2019\u00e9quilibre ou de la coordination<\/li>\n<li>MAUX DE T\u00caTE S\u00c9V\u00c8RES sans cause connue<\/li>\n<\/ul>\n<p>Si vous-m\u00eame ou une personne de votre entourage exp\u00e9rimente des sympt\u00f4mes d\u2019AVC, agissez rapidement (F.A.S.T.) et appelez imm\u00e9diatement une ambulance.[\/vc_column_text][\/vc_column][vc_column width=&#8221;1\/3&#8243;][vc_single_image image=&#8221;12949&#8243; img_size=&#8221;250&#215;250&#8243; alignment=&#8221;center&#8221;][\/vc_column][\/vc_row][vc_row][vc_column][vc_custom_heading text=&#8221;La fibrillation auriculaire et les AVC&#8221; font_container=&#8221;tag:h2|text_align:center&#8221; google_fonts=&#8221;font_family:Roboto%3A100%2C100italic%2C300%2C300italic%2Cregular%2Citalic%2C500%2C500italic%2C700%2C700italic%2C900%2C900italic|font_style:400%20regular%3A400%3Anormal&#8221;]<div class=\"vcex-spacing wpex-w-100 wpex-clear\" style=\"height:20px;\"><\/div>[vc_column_text font_size=&#8221;18&#8243;]La fibrillation auriculaire, l\u2019arythmie cardiaque la plus fr\u00e9quente, est \u00e0 l\u2019origine de 20\u00a0% des accidents vasculaires c\u00e9r\u00e9braux. Lorsque le sang n&#8217;est pas pomp\u00e9 efficacement dans le c\u0153ur, comme c\u2019est le cas dans la fibrillation auriculaire, des caillots sanguins peuvent se former et finir par provoquer un accident vasculaire c\u00e9r\u00e9bral.<\/p>\n<p>M\u00eame s\u2019il arrive souvent que le patient n&#8217;exp\u00e9rimente aucun sympt\u00f4me, il est essentiel que l\u2019arythmie soit d\u00e9tect\u00e9e et trait\u00e9e le plus rapidement possible.[\/vc_column_text][\/vc_column][\/vc_row][vc_row][vc_column]<div class=\"templatera_shortcode\"><style type=\"text\/css\" data-type=\"vc_shortcodes-custom-css\">.vc_custom_1626378379785{margin-bottom: 0px !important;background-image: url(https:\/\/www.fibricheck.com\/wp-content\/uploads\/2019\/06\/phone-measurement-4.png?id=4040) !important;}<\/style><div class=\"vc_row wpb_row vc_row-fluid green vc_row-o-equal-height vc_row-flex typography-white no-bottom-margins\" style=\"min-height:400px;\"><div class=\"wpb_column containered-col vc_column_container vc_col-sm-3\/5\"><div class=\"vc_column-inner\"><div class=\"wpb_wrapper\"><div class=\"vc_row wpb_row vc_inner vc_row-fluid\"><div class=\"wpb_column vc_column_container vc_col-sm-12\"><div class=\"vc_column-inner\"><div class=\"wpb_wrapper\"><h3 class=\"vcex-heading vcex-module wpex-text-2xl wpex-font-normal wpex-m-auto wpex-max-w-100 vcex-heading-plain wpex-h3 wpex-block\"><span class=\"vcex-heading-inner wpex-inline-block wpex-clr\">Testez l\u2019application FibriCheck<\/span><\/h3>\n\t<div style=\"font-style:italic;\" class=\"wpb_text_column wpb_content_element \" >\n\t\t<div class=\"wpb_wrapper\">\n\t\t\t<p>Commencez \u00e0 contr\u00f4ler votre sant\u00e9 cardiaque d\u00e8s aujourd\u2019hui et \u00e9vitez les dangers des arythmies non diagnostiqu\u00e9es comme la fibrillation auriculaire.<\/p>\n<p>Pour essayer FibriCheck, il vous suffit de t\u00e9l\u00e9charger l\u2019application d\u00e8s aujourd\u2019hui.<\/p>\n\n\t\t<\/div>\n\t<\/div>\n<div class=\"vcex-spacing wpex-w-100 wpex-clear\" style=\"height:30px;\"><\/div><\/div><\/div><\/div><\/div><div class=\"vc_row wpb_row vc_inner vc_row-fluid\"><div class=\"wpb_column vc_column_container vc_col-sm-6\"><div class=\"vc_column-inner\"><div class=\"wpb_wrapper\"><figure class=\"vcex-image vcex-module wpex-clr\"><div class=\"vcex-image-inner wpex-relative wpex-inline-block\"><a href=\"https:\/\/fibricheck.app.link\/34kb2MmOykb\" target=\"_blank\" rel=\"noopener noreferrer\"><img decoding=\"async\" loading=\"lazy\" class=\"wpex-align-middle\" src=\"https:\/\/www.fibricheck.com\/wp-content\/uploads\/2019\/04\/2019_FibriCheck_Icon_APPSTORE-200x66.png\" alt=\"FibriCheck APPSTORE\" srcset=\"https:\/\/www.fibricheck.com\/wp-content\/uploads\/2019\/04\/2019_FibriCheck_Icon_APPSTORE-200x66.png 200w, https:\/\/www.fibricheck.com\/wp-content\/uploads\/2019\/04\/2019_FibriCheck_Icon_APPSTORE-300x98.png 300w, https:\/\/www.fibricheck.com\/wp-content\/uploads\/2019\/04\/2019_FibriCheck_Icon_APPSTORE.png 400w, https:\/\/www.fibricheck.com\/wp-content\/uploads\/2019\/04\/2019_FibriCheck_Icon_APPSTORE-50x16.png 50w, https:\/\/www.fibricheck.com\/wp-content\/uploads\/2019\/04\/2019_FibriCheck_Icon_APPSTORE-100x33.png 100w\" width=\"200\" height=\"66\"><\/a><\/div><\/figure><div class=\"vcex-spacing wpex-w-100 wpex-clear show-at-mm-breakpoint\" style=\"height:10px;\"><\/div><\/div><\/div><\/div><div class=\"wpb_column vc_column_container vc_col-sm-6\"><div class=\"vc_column-inner\"><div class=\"wpb_wrapper\"><figure class=\"vcex-image vcex-module wpex-clr\"><div class=\"vcex-image-inner wpex-relative wpex-inline-block\"><a href=\"https:\/\/fibricheck.app.link\/34kb2MmOykb\" target=\"_blank\" rel=\"noopener noreferrer\"><img decoding=\"async\" loading=\"lazy\" class=\"wpex-align-middle\" src=\"https:\/\/www.fibricheck.com\/wp-content\/uploads\/2019\/04\/2019_FibriCheck_Icon_GOOGLEPLAY-200x66.png\" alt=\"FibriCheck GOOGLE PLAY\" srcset=\"https:\/\/www.fibricheck.com\/wp-content\/uploads\/2019\/04\/2019_FibriCheck_Icon_GOOGLEPLAY-200x66.png 200w, https:\/\/www.fibricheck.com\/wp-content\/uploads\/2019\/04\/2019_FibriCheck_Icon_GOOGLEPLAY-300x98.png 300w, https:\/\/www.fibricheck.com\/wp-content\/uploads\/2019\/04\/2019_FibriCheck_Icon_GOOGLEPLAY.png 400w, https:\/\/www.fibricheck.com\/wp-content\/uploads\/2019\/04\/2019_FibriCheck_Icon_GOOGLEPLAY-50x16.png 50w, https:\/\/www.fibricheck.com\/wp-content\/uploads\/2019\/04\/2019_FibriCheck_Icon_GOOGLEPLAY-100x33.png 100w\" width=\"200\" height=\"66\"><\/a><\/div><\/figure><\/div><\/div><\/div><\/div><\/div><\/div><\/div><div class=\"wpb_column vc_column_container vc_col-sm-2\/5 wpex-vc_col-has-fill\"><div style=\"background-position:center center !important;background-size:cover !important;\" class=\"vc_column-inner vc_custom_1626378379785\"><div class=\"wpb_wrapper\"><div class=\"vcex-spacing wpex-w-100 wpex-clear\" style=\"height:200px;\"><\/div><\/div><\/div><\/div><\/div><\/div>[\/vc_column][\/vc_row][vc_row][vc_column][vc_custom_heading text=&#8221;Questions fr\u00e9quemment pos\u00e9es&#8221; font_container=&#8221;tag:h2|text_align:center&#8221; google_fonts=&#8221;font_family:Roboto%3A100%2C100italic%2C300%2C300italic%2Cregular%2Citalic%2C500%2C500italic%2C700%2C700italic%2C900%2C900italic|font_style:400%20regular%3A400%3Anormal&#8221;]<div class=\"vcex-spacing wpex-w-100 wpex-clear\" style=\"height:20px;\"><\/div>[vc_tta_accordion style=&#8221;modern&#8221; color=&#8221;white&#8221; spacing=&#8221;10&#8243; gap=&#8221;20&#8243; active_section=&#8221;1&#8243; css_animation=&#8221;none&#8221;][vc_tta_section title=&#8221;Qu\u2019est-ce qu\u2019un AVC ?&#8221; tab_id=&#8221;1634539714945-5aa963a1-d148&#8243;][vc_column_text font_size=&#8221;18&#8243;]Un accident vasculaire c\u00e9r\u00e9bral (AVC) ou une attaque c\u00e9r\u00e9brale est une affection m\u00e9dicale durant laquelle la circulation sanguine dans le cerveau est soudainement perturb\u00e9e. Chaque ann\u00e9e, 17\u00a0millions de personnes dans le monde sont victimes d\u2019une attaque c\u00e9r\u00e9brale, ce qui en fait la deuxi\u00e8me cause de d\u00e9c\u00e8s et la principale cause de handicap chez l\u2019adulte. Les attaques c\u00e9r\u00e9brales peuvent \u00eatre des AVC isch\u00e9miques ou des AVC h\u00e9morragiques.[\/vc_column_text][\/vc_tta_section][vc_tta_section title=&#8221;Quelle est la diff\u00e9rence entre un AVC isch\u00e9mique, un accident isch\u00e9mique transitoire et un AVC h\u00e9morragique ?&#8221; tab_id=&#8221;1634539714973-3313bb00-fb40&#8243;][vc_column_text font_size=&#8221;18&#8243;]Un <strong>AVC isch\u00e9mique<\/strong> se produit lorsqu\u2019un caillot sanguin obstrue ou r\u00e9tr\u00e9cit les art\u00e8res qui acheminent le sang et l\u2019oxyg\u00e8ne vers le cerveau. En cons\u00e9quence, le cerveau ne re\u00e7oit pas assez d\u2019oxyg\u00e8ne, voire pas du tout, et peut subir des dommages permanents.<\/p>\n<p>Un <strong>accident isch\u00e9mique transitoire (AIT)<\/strong> ou \u00ab\u00a0mini-AVC\u00a0\u00bb est caus\u00e9 par un blocage temporaire. Le caillot sanguin qui provoque l\u2019obstruction finit par se dissoudre ou se d\u00e9place de lui-m\u00eame. Les sympt\u00f4mes d\u2019une attaque c\u00e9r\u00e9brale, tels que la paralysie, les vertiges ou une vision double, s&#8217;estompent lorsque le caillot sanguin recommence \u00e0 circuler et que la partie bloqu\u00e9e du cerveau re\u00e7oit \u00e0 nouveau de l\u2019oxyg\u00e8ne et du sang riche en nutriments.<\/p>\n<p>Il est essentiel que toute personne ayant souffert d\u2019un AIT consulte un m\u00e9decin d\u00e8s que possible pour d\u00e9terminer la cause de ce mini-AVC.<\/p>\n<p>Un <strong>AVC h\u00e9morragique<\/strong> se produit lorsqu\u2019un vaisseau sanguin fuit ou \u00e9clate dans le cerveau. Cela provoque une accumulation de sang dans le cerveau et les cellules c\u00e9r\u00e9brales sont endommag\u00e9es.[\/vc_column_text][\/vc_tta_section][vc_tta_section title=&#8221;Outre la fibrillation auriculaire, quelles sont les autres causes \u00e0 l\u2019origine d\u2019un AVC ?&#8221; tab_id=&#8221;1634539824473-9da5f479-f26e&#8221;][vc_column_text font_size=&#8221;18&#8243;]Chaque ann\u00e9e, 17\u00a0millions de personnes sont victimes d\u2019un AVC dans le monde. Pas moins de 20\u00a0% de ces accidents sont provoqu\u00e9s par la fibrillation auriculaire, tandis que les 80\u00a0% restants peuvent \u00eatre g\u00e9n\u00e9r\u00e9s par d\u2019autres facteurs tels que\u00a0:<\/p>\n<ul>\n<li>Hypertension art\u00e9rielle<\/li>\n<li>Diab\u00e8te<\/li>\n<li>Hypercholest\u00e9rol\u00e9mie<\/li>\n<li>Maladies cardiovasculaires<\/li>\n<li>Ob\u00e9sit\u00e9<\/li>\n<li>Stress prolong\u00e9<\/li>\n<li>Consommation excessive d&#8217;alcool<\/li>\n<li>Activit\u00e9 physique insuffisante<\/li>\n<li>R\u00e9gime alimentaire malsain<\/li>\n<\/ul>\n[\/vc_column_text][\/vc_tta_section][vc_tta_section title=&#8221;Comment pr\u00e9venir un AVC ?&#8221; tab_id=&#8221;1634539866459-f7338ffb-e4df&#8221;][vc_column_text font_size=&#8221;18&#8243;]Certaines caract\u00e9ristiques, habitudes et modes de vie peuvent augmenter le risque d\u2019AVC. Comme dans le cas de la fibrillation auriculaire (FA), le risque d\u2019AVC augmente avec l\u2019\u00e2ge. Heureusement, il y a beaucoup de facteurs que nous pouvons contr\u00f4ler nous-m\u00eames, par exemple\u00a0:<\/p>\n<ul>\n<li>Arr\u00eater de fumer ;<\/li>\n<li>Mod\u00e9rer notre consommation d\u2019alcool\u00a0;<\/li>\n<li>Contr\u00f4ler r\u00e9guli\u00e8rement notre tension art\u00e9rielle\u00a0;<\/li>\n<li>Faire contr\u00f4ler r\u00e9guli\u00e8rement notre cholest\u00e9rol \u00e0 partir de 40 ans ;<\/li>\n<li>Faire contr\u00f4ler r\u00e9guli\u00e8rement notre glyc\u00e9mie \u00e0 partir de 45 ans ;<\/li>\n<li>Faire beaucoup d&#8217;exercice ;<\/li>\n<li>Adopter une alimentation aussi saine que possible ;<\/li>\n<li>Signaler \u00e0 notre m\u00e9decin les \u00e9ventuelles irr\u00e9gularit\u00e9s de notre rythme cardiaque ou les \u00e9ventuelles palpitations. Vous pouvez facilement contr\u00f4ler votre rythme cardiaque \u00e0 la maison en utilisant <a href=\"https:\/\/fibricheck.app.link\/34kb2MmOykb\" target=\"_blank\" rel=\"noopener\">l\u2019application FibriCheck<\/a>.<\/li>\n<\/ul>\n[\/vc_column_text][\/vc_tta_section][\/vc_tta_accordion][\/vc_column][\/vc_row]\n","protected":false},"excerpt":{"rendered":"Chaque ann\u00e9e, 17 millions de personnes dans le monde sont victimes d\u2019un accident vasculaire c\u00e9r\u00e9bral. C'est la deuxi\u00e8me cause de d\u00e9c\u00e8s la plus fr\u00e9quente et l\u2019une des principales causes de handicap chez l\u2019adulte. C\u2019est pourquoi il est important d\u2019apprendre \u00e0 reconna\u00eetre les signes d\u2019avertissement F.A.S.T. Vous constatez qu\u2019une personne exp\u00e9rimente l\u2019un des signes suivants ?&hellip;","protected":false},"author":19,"featured_media":0,"parent":0,"menu_order":0,"comment_status":"closed","ping_status":"closed","template":"","meta":{"_acf_changed":false,"_seopress_robots_primary_cat":"","_seopress_titles_title":"","_seopress_titles_desc":"Chaque ann\u00e9e, 17 millions de personnes dans le monde sont victimes d\u2019un accident vasculaire c\u00e9r\u00e9bral. ","_seopress_robots_index":"","_monsterinsights_skip_tracking":false,"_monsterinsights_sitenote_active":false,"_monsterinsights_sitenote_note":"","_monsterinsights_sitenote_category":0,"footnotes":""},"class_list":["post-12992","page","type-page","status-publish","hentry","entry","no-media"],"acf":[],"_links":{"self":[{"href":"https:\/\/www.fibricheck.com\/fr\/wp-json\/wp\/v2\/pages\/12992","targetHints":{"allow":["GET"]}}],"collection":[{"href":"https:\/\/www.fibricheck.com\/fr\/wp-json\/wp\/v2\/pages"}],"about":[{"href":"https:\/\/www.fibricheck.com\/fr\/wp-json\/wp\/v2\/types\/page"}],"author":[{"embeddable":true,"href":"https:\/\/www.fibricheck.com\/fr\/wp-json\/wp\/v2\/users\/19"}],"replies":[{"embeddable":true,"href":"https:\/\/www.fibricheck.com\/fr\/wp-json\/wp\/v2\/comments?post=12992"}],"version-history":[{"count":5,"href":"https:\/\/www.fibricheck.com\/fr\/wp-json\/wp\/v2\/pages\/12992\/revisions"}],"predecessor-version":[{"id":13019,"href":"https:\/\/www.fibricheck.com\/fr\/wp-json\/wp\/v2\/pages\/12992\/revisions\/13019"}],"wp:attachment":[{"href":"https:\/\/www.fibricheck.com\/fr\/wp-json\/wp\/v2\/media?parent=12992"}],"curies":[{"name":"wp","href":"https:\/\/api.w.org\/{rel}","templated":true}]}}