{"id":5199,"date":"2019-05-06T15:08:06","date_gmt":"2019-05-06T15:08:06","guid":{"rendered":"https:\/\/www.fibricheck.com\/pricing-page-fr\/"},"modified":"2023-10-17T15:03:50","modified_gmt":"2023-10-17T14:03:50","slug":"tarifs","status":"publish","type":"page","link":"https:\/\/www.fibricheck.com\/fr\/tarifs\/","title":{"rendered":"Tarifs"},"content":{"rendered":"[vc_row full_width=&#8221;stretch_row_content_no_spaces&#8221; content_placement=&#8221;middle&#8221; equal_height=&#8221;yes&#8221; remove_bottom_col_margin=&#8221;true&#8221; typography_style=&#8221;white&#8221; min_height=&#8221;500px&#8221; css=&#8221;.vc_custom_1649402109414{padding-top: 0px !important;}&#8221;][vc_column width=&#8221;1\/2&#8243; el_class=&#8221;containered-col&#8221;][vc_single_image image=&#8221;13942&#8243;][\/vc_column][vc_column width=&#8221;1\/2&#8243; wpex_bg_position=&#8221;center center&#8221; wpex_bg_size=&#8221;cover&#8221; css=&#8221;.vc_custom_1649403171443{padding-left: 20px !important;}&#8221;]<h3 class=\"vcex-heading vcex-module wpex-text-2xl wpex-font-normal wpex-m-auto wpex-max-w-100 vcex-heading-plain wpex-h3 wpex-block\" style=\"color:#223344;\"><span class=\"vcex-heading-inner wpex-inline-block wpex-clr\">Activez votre essai gratuit de 3 jours<\/span><\/h3>[vc_column_text color=&#8221;#223344&#8243;]Acc\u00e9dez toutes les fonctionnalit\u00e9s de l\u2019application FibriCheck<\/p>\n<p>Recevez un rapport personnel apr\u00e8s la p\u00e9riode d\u2019essai gratuite<\/p>\n<p>Les \u00e9ventuelles mesures irr\u00e9guli\u00e8res sont examin\u00e9es par nos experts m\u00e9dicaux[\/vc_column_text]<div class=\"vcex-spacing wpex-w-100 wpex-clear\" style=\"height:30px;\"><\/div><a href=\"https:\/\/fibricheck.app.link\/z6t3U1tDCgb\" class=\"vcex-button theme-button inline\"><span class=\"theme-button-inner\">Commencez votre essai gratuit<\/span><\/a> <div class=\"vcex-spacing wpex-w-100 wpex-clear\" style=\"height:30px;\"><\/div>[\/vc_column][\/vc_row][vc_row][vc_column]<div class=\"templatera_shortcode\"><style type=\"text\/css\" data-type=\"vc_shortcodes-custom-css\">.vc_custom_1655284745207{border-top-width: 1px !important;border-right-width: 1px !important;border-bottom-width: 1px !important;border-left-width: 1px !important;background-color: #ffffff !important;border-left-color: #333344 !important;border-left-style: solid !important;border-right-color: #333344 !important;border-right-style: solid !important;border-top-color: #333344 !important;border-top-style: solid !important;border-bottom-color: #333344 !important;border-bottom-style: solid !important;border-radius: 10px !important;}<\/style><div class=\"vc_row wpb_row vc_row-fluid green vc_custom_1655284745207 vc_row-o-equal-height vc_row-flex wpex-vc_row-has-fill typography-white no-bottom-margins wpex-vc-reset-negative-margin\" style=\"min-height:300px;\"><div class=\"wpb_column containered-col vc_column_container vc_col-sm-12\"><div class=\"vc_column-inner\"><div class=\"wpb_wrapper\"><div class=\"vc_row wpb_row vc_inner vc_row-fluid\"><div class=\"wpb_column vc_column_container vc_col-sm-12\"><div class=\"vc_column-inner\"><div class=\"wpb_wrapper\"><h3 class=\"vcex-heading vcex-module wpex-text-2xl wpex-font-normal wpex-m-auto wpex-max-w-100 vcex-heading-plain wpex-h3 wpex-block wpex-text-center\" style=\"color:#223344;\"><span class=\"vcex-heading-inner wpex-inline-block wpex-clr\">\u00cates-vous affili\u00e9 \u00e0 Partenamut, \u00e0 La Mutualit\u00e9 Neutre ou \u00e0 La Mutualit\u00e9 Lib\u00e9rale en Wallonie ? Dans ce cas, vous pouvez d\u00e9sormais b\u00e9n\u00e9ficier d\u2019un remboursement pour l\u2019utilisation d\u2019une application m\u00e9dicale comme FibriCheck.<\/span><\/h3>\n\t<div style=\"color:#223344;font-style:italic;\" class=\"wpb_text_column has-custom-color wpex-child-inherit-color wpb_content_element \" >\n\t\t<div class=\"wpb_wrapper\">\n\t\t\t<p style=\"text-align: center;\">Pour le moment, FibriCheck est rembours\u00e9e \u00e0 hauteur de 20 euros par ann\u00e9e civile. Vous trouverez plus d'information \u00e0 ce sujet <a href=\"https:\/\/help.fibricheck.com\/hc\/nl\/articles\/4406609020434\">ici.<\/a><\/p>\n\n\t\t<\/div>\n\t<\/div>\n<div class=\"vcex-spacing wpex-w-100 wpex-clear\" style=\"height:10px;\"><\/div><h3 class=\"vcex-heading vcex-module wpex-text-2xl wpex-font-normal wpex-m-auto wpex-max-w-100 vcex-heading-plain wpex-h3 wpex-block wpex-text-center\" style=\"color:#223344;\"><span class=\"vcex-heading-inner wpex-inline-block wpex-clr\">\u00cates-vous affili\u00e9(e) aupr\u00e8s de Helan ? Dans ce cas, vous avez \u00e9galement droit au remboursement ou vous pouvez opter pour un an de FibriCheck Essentiel gratuit.<\/span><\/h3>\n\t<div style=\"color:#223344;text-align:center;font-style:italic;\" class=\"wpb_text_column has-custom-color wpex-child-inherit-color wpb_content_element \" >\n\t\t<div class=\"wpb_wrapper\">\n\t\t\t<p><span style=\"font-weight: 400;\">Cliquez <a href=\"https:\/\/www.fibricheck.com\/fr\/beneficiez-an-gratuit-helan-fibricheck\/\">ici<\/a> pour obtenir un compl\u00e9ment d'information.<\/span><\/p>\n\n\t\t<\/div>\n\t<\/div>\n<div class=\"vcex-spacing wpex-w-100 wpex-clear\" style=\"height:20px;\"><\/div><\/div><\/div><\/div><\/div><div class=\"vc_row wpb_row vc_inner vc_row-fluid mobile-carousel\"><div class=\"wpb_column vc_column_container vc_col-sm-3\"><div class=\"vc_column-inner\"><div class=\"wpb_wrapper\"><figure class=\"vcex-image vcex-module wpex-clr textcenter\"><div class=\"vcex-image-inner wpex-relative wpex-inline-block\" style=\"max-width:250px;\"><img decoding=\"async\" loading=\"lazy\" class=\"wpex-align-middle\" src=\"https:\/\/www.fibricheck.com\/wp-content\/uploads\/2022\/06\/partenamut-photoshop-169-250x141.jpg\" alt=\"\" srcset=\"https:\/\/www.fibricheck.com\/wp-content\/uploads\/2022\/06\/partenamut-photoshop-169-250x141.jpg 250w, https:\/\/www.fibricheck.com\/wp-content\/uploads\/2022\/06\/partenamut-photoshop-169-300x169.jpg 300w, https:\/\/www.fibricheck.com\/wp-content\/uploads\/2022\/06\/partenamut-photoshop-169-1024x576.jpg 1024w, https:\/\/www.fibricheck.com\/wp-content\/uploads\/2022\/06\/partenamut-photoshop-169-768x432.jpg 768w, https:\/\/www.fibricheck.com\/wp-content\/uploads\/2022\/06\/partenamut-photoshop-169-200x113.jpg 200w, https:\/\/www.fibricheck.com\/wp-content\/uploads\/2022\/06\/partenamut-photoshop-169.jpg 1200w\" width=\"250\" height=\"141\"><\/div><\/figure><\/div><\/div><\/div><div class=\"wpb_column vc_column_container vc_col-sm-3\"><div class=\"vc_column-inner\"><div class=\"wpb_wrapper\"><div class=\"vcex-spacing wpex-w-100 wpex-clear\" style=\"height:35px;\"><\/div><figure class=\"vcex-image vcex-module wpex-clr textcenter\"><div class=\"vcex-image-inner wpex-relative wpex-inline-block\" style=\"max-width:150px;\"><img decoding=\"async\" loading=\"lazy\" class=\"wpex-align-middle\" src=\"https:\/\/www.fibricheck.com\/wp-content\/uploads\/2022\/06\/helan-logo-internet-200x63.png\" alt=\"\" srcset=\"https:\/\/www.fibricheck.com\/wp-content\/uploads\/2022\/06\/helan-logo-internet-200x63.png 200w, https:\/\/www.fibricheck.com\/wp-content\/uploads\/2022\/06\/helan-logo-internet-300x95.png 300w, https:\/\/www.fibricheck.com\/wp-content\/uploads\/2022\/06\/helan-logo-internet-1024x324.png 1024w, https:\/\/www.fibricheck.com\/wp-content\/uploads\/2022\/06\/helan-logo-internet-768x243.png 768w, https:\/\/www.fibricheck.com\/wp-content\/uploads\/2022\/06\/helan-logo-internet-1536x486.png 1536w, https:\/\/www.fibricheck.com\/wp-content\/uploads\/2022\/06\/helan-logo-internet.png 2048w\" width=\"200\" height=\"63\"><\/div><\/figure><\/div><\/div><\/div><div class=\"wpb_column vc_column_container vc_col-sm-3\"><div class=\"vc_column-inner\"><div class=\"wpb_wrapper\"><figure class=\"vcex-image vcex-module wpex-clr textcenter\"><div class=\"vcex-image-inner wpex-relative wpex-inline-block\" style=\"max-width:250px;\"><img decoding=\"async\" loading=\"lazy\" class=\"wpex-align-middle\" src=\"https:\/\/www.fibricheck.com\/wp-content\/uploads\/2022\/06\/mutualite-neutre-photoshop-169-250x140.jpg\" alt=\"\" srcset=\"https:\/\/www.fibricheck.com\/wp-content\/uploads\/2022\/06\/mutualite-neutre-photoshop-169-250x140.jpg 250w, https:\/\/www.fibricheck.com\/wp-content\/uploads\/2022\/06\/mutualite-neutre-photoshop-169-300x169.jpg 300w, https:\/\/www.fibricheck.com\/wp-content\/uploads\/2022\/06\/mutualite-neutre-photoshop-169-1024x575.jpg 1024w, https:\/\/www.fibricheck.com\/wp-content\/uploads\/2022\/06\/mutualite-neutre-photoshop-169-768x431.jpg 768w, https:\/\/www.fibricheck.com\/wp-content\/uploads\/2022\/06\/mutualite-neutre-photoshop-169-150x84.jpg 150w, https:\/\/www.fibricheck.com\/wp-content\/uploads\/2022\/06\/mutualite-neutre-photoshop-169.jpg 1200w\" width=\"250\" height=\"140\"><\/div><\/figure><\/div><\/div><\/div><div class=\"wpb_column vc_column_container vc_col-sm-3\"><div class=\"vc_column-inner\"><div class=\"wpb_wrapper\"><div class=\"vcex-spacing wpex-w-100 wpex-clear\" style=\"height:10px;\"><\/div><figure class=\"vcex-image vcex-module wpex-clr textcenter\"><div class=\"vcex-image-inner wpex-relative wpex-inline-block\" style=\"max-width:250px;\"><img decoding=\"async\" loading=\"lazy\" class=\"wpex-align-middle\" src=\"https:\/\/www.fibricheck.com\/wp-content\/uploads\/2022\/07\/ML-1200-middel-125x125.jpg\" alt=\"\" srcset=\"https:\/\/www.fibricheck.com\/wp-content\/uploads\/2022\/07\/ML-1200-middel-125x125.jpg 125w, https:\/\/www.fibricheck.com\/wp-content\/uploads\/2022\/07\/ML-1200-middel-300x300.jpg 300w, https:\/\/www.fibricheck.com\/wp-content\/uploads\/2022\/07\/ML-1200-middel-1024x1024.jpg 1024w, https:\/\/www.fibricheck.com\/wp-content\/uploads\/2022\/07\/ML-1200-middel-150x150.jpg 150w, https:\/\/www.fibricheck.com\/wp-content\/uploads\/2022\/07\/ML-1200-middel-768x768.jpg 768w, https:\/\/www.fibricheck.com\/wp-content\/uploads\/2022\/07\/ML-1200-middel-250x250.jpg 250w, https:\/\/www.fibricheck.com\/wp-content\/uploads\/2022\/07\/ML-1200-middel-100x100.jpg 100w, https:\/\/www.fibricheck.com\/wp-content\/uploads\/2022\/07\/ML-1200-middel.jpg 1200w\" width=\"125\" height=\"125\"><\/div><\/figure><\/div><\/div><\/div><\/div><\/div><\/div><\/div><\/div><\/div><div class=\"vcex-spacing wpex-w-100 wpex-clear\" style=\"height:30px;\"><\/div>[\/vc_column][\/vc_row][vc_row full_width=&#8221;stretch_row&#8221; el_class=&#8221;grey pricing&#8221;][vc_column]<h2 class=\"vcex-heading vcex-module wpex-text-2xl wpex-font-normal wpex-m-auto wpex-max-w-100 vcex-heading-plain wpex-h2 wpex-block wpex-text-center\"><span class=\"vcex-heading-inner wpex-inline-block wpex-clr\">FIBRICHECK SUR MESURE :<\/span><\/h2>[vc_row_inner gap=&#8221;20&#8243;][vc_column_inner width=&#8221;1\/6&#8243;][\/vc_column_inner][vc_column_inner width=&#8221;1\/3&#8243; css=&#8221;.vc_custom_1626277561907{background-color: #ffffff !important;}&#8221;]<div class=\"vcex-spacing wpex-w-100 wpex-clear\" style=\"height:20px;\"><\/div><h3 class=\"vcex-heading vcex-module wpex-text-2xl wpex-font-normal wpex-m-auto wpex-max-w-100 vcex-heading-plain wpex-h3 wpex-block wpex-text-center\" style=\"color:#0f676d;\"><span class=\"vcex-heading-inner wpex-inline-block wpex-clr\">Essentiel<\/span><\/h3><div class=\"vcex-module vcex-divider vcex-divider-solid wpex-max-w-100 wpex-mx-auto wpex-block wpex-h-0 wpex-border-b wpex-border-solid wpex-border-gray-200\" style=\"width:100%;margin-top:20px;margin-bottom:20px;border-color:#f7f8fa;\"><\/div><h4 class=\"vcex-heading vcex-module wpex-text-2xl wpex-font-normal wpex-m-auto wpex-max-w-100 vcex-heading-plain wpex-h4 wpex-block wpex-text-center\" style=\"font-size:54px;\"><span class=\"vcex-heading-inner wpex-inline-block wpex-clr\">\u20ac 6.99*<\/span><\/h4>[vc_column_text text_align=&#8221;center&#8221;]par mois<\/p>\n<p>ou<\/p>\n<p>Choisissez le paiement annuel et \u00e9conomisez 40 % (\u20ac 4.17* par mois)[\/vc_column_text]<div class=\"vcex-spacing wpex-w-100 wpex-clear\" style=\"height:30px;\"><\/div><div class=\"vcex-module vcex-bullets custom-icon\">\n<ul>\n<li><div class=\"vcex-bullets-ci-wrap wpex-inline-flex\"><span class=\"vcex-icon-wrap wpex-mr-10\"><span class=\"vcex-icon ticon ticon-check\" aria-hidden=\"true\" style=\"color:#0f676d;\"><\/span><\/span><div class=\"vcex-content wpex-flex-grow\">Nombre illimit\u00e9 de mesures<\/div><\/div><\/li>\n<li><div class=\"vcex-bullets-ci-wrap wpex-inline-flex\"><span class=\"vcex-icon-wrap wpex-mr-10\"><span class=\"vcex-icon ticon ticon-check\" aria-hidden=\"true\" style=\"color:#0f676d;\"><\/span><\/span><div class=\"vcex-content wpex-flex-grow\">Imm\u00e9diatement apr\u00e8s la mesure, vous d\u00e9couvrez si votre rythme cardiaque est r\u00e9gulier<\/div><\/div><\/li>\n<li><div class=\"vcex-bullets-ci-wrap wpex-inline-flex\"><span class=\"vcex-icon-wrap wpex-mr-10\"><span class=\"vcex-icon ticon ticon-check\" aria-hidden=\"true\" style=\"color:#0f676d;\"><\/span><\/span><div class=\"vcex-content wpex-flex-grow\">Partagez les r\u00e9sultats avec votre m\u00e9decin<\/div><\/div><\/li>\n<li><div class=\"vcex-bullets-ci-wrap wpex-inline-flex\"><span class=\"vcex-icon-wrap wpex-mr-10\"><span class=\"vcex-icon ticon ticon-check\" aria-hidden=\"true\" style=\"color:#0f676d;\"><\/span><\/span><div class=\"vcex-content wpex-flex-grow\">Configurez des rappels<\/div><\/div><\/li>\n<\/ul>\n<\/div><div class=\"vcex-module vcex-bullets custom-icon\">\n<ul>\n<li><div class=\"vcex-bullets-ci-wrap wpex-inline-flex\"><span class=\"vcex-icon-wrap wpex-mr-10\"><span class=\"vcex-icon ticon ticon-times\" aria-hidden=\"true\" style=\"color:#ae1818;\"><\/span><\/span><div class=\"vcex-content wpex-flex-grow\">Les mesures irr\u00e9guli\u00e8res sont v\u00e9rifi\u00e9es par des experts m\u00e9dicaux dans les 48 heures. Vous recevrez ensuite une analyse d\u00e9taill\u00e9e de votre mesure.<\/div><\/div><\/li>\n<li><div class=\"vcex-bullets-ci-wrap wpex-inline-flex\"><span class=\"vcex-icon-wrap wpex-mr-10\"><span class=\"vcex-icon ticon ticon-times\" aria-hidden=\"true\" style=\"color:#ae1818;\"><\/span><\/span><div class=\"vcex-content wpex-flex-grow\">Rapports hebdomadaires d\u00e9taill\u00e9s<\/div><\/div><\/li>\n<\/ul>\n<\/div><div class=\"vcex-spacing wpex-w-100 wpex-clear\" style=\"height:30px;\"><\/div>[vc_column_text]<strong>En option : toute mesure irr\u00e9guli\u00e8re peut \u00eatre analys\u00e9e par notre \u00e9quipe d\u2019experts m\u00e9dicaux pour 9,99 \u20ac par mesure.<\/strong>[\/vc_column_text]<div class=\"vcex-spacing wpex-w-100 wpex-clear\" style=\"height:30px;\"><\/div><div class=\"textcenter theme-button-wrap wpex-clr\"><a href=\"https:\/\/fibricheck.app.link\/4iwf7XUSEib\" class=\"vcex-button theme-button align-center inline\" style=\"background:#0f676d;\"><span class=\"theme-button-inner\">Choisissez Essentiel<\/span><\/a><\/div> <div class=\"vcex-spacing wpex-w-100 wpex-clear\" style=\"height:30px;\"><\/div><h3 class=\"vcex-heading vcex-module wpex-text-2xl wpex-font-normal wpex-m-auto wpex-max-w-100 vcex-heading-plain wpex-h3 wpex-block wpex-text-center\" style=\"color:#0f676d;\"><span class=\"vcex-heading-inner wpex-inline-block wpex-clr\">Pour qui ?<\/span><\/h3><div class=\"vcex-spacing wpex-w-100 wpex-clear\" style=\"height:30px;\"><\/div>[vc_column_text font_weight=&#8221;bold&#8221;]Jusqu\u2019\u00e0 pr\u00e9sent, vous n\u2019avez jamais ressenti des sympt\u00f4mes tels que des palpitations, de l\u2019essoufflement, de l\u2019\u00e9puisement ou des vertiges.<\/p>\n<p>Pendant votre p\u00e9riode d\u2019essai gratuite, votre rythme cardiaque a \u00e9t\u00e9 r\u00e9gulier \u00e0 chaque mesure.<\/p>\n<p>On ne vous a jamais diagnostiqu\u00e9 des troubles du rythme cardiaque auparavant.[\/vc_column_text]<div class=\"vcex-spacing wpex-w-100 wpex-clear visible-desktop\" style=\"height:102.5px;\"><\/div><div class=\"vcex-spacing wpex-w-100 wpex-clear hidden-desktop\" style=\"height:30px;\"><\/div><div class=\"textcenter theme-button-wrap wpex-clr\"><a href=\"https:\/\/fibricheck.app.link\/4iwf7XUSEib\" class=\"vcex-button theme-button align-center inline\" style=\"background:#0f676d;\"><span class=\"theme-button-inner\">Choisissez Essentiel<\/span><\/a><\/div> <div class=\"vcex-spacing wpex-w-100 wpex-clear\" style=\"height:30px;\"><\/div>[\/vc_column_inner][vc_column_inner width=&#8221;1\/3&#8243; css=&#8221;.vc_custom_1626277567792{background-color: #ffffff !important;}&#8221;]<div class=\"vcex-spacing wpex-w-100 wpex-clear\" style=\"height:20px;\"><\/div><h3 class=\"vcex-heading vcex-module wpex-text-2xl wpex-font-normal wpex-m-auto wpex-max-w-100 vcex-heading-plain wpex-h3 wpex-block wpex-text-center\" style=\"color:#223344;\"><span class=\"vcex-heading-inner wpex-inline-block wpex-clr\">Premium<\/span><\/h3><div class=\"vcex-module vcex-divider vcex-divider-solid wpex-max-w-100 wpex-mx-auto wpex-block wpex-h-0 wpex-border-b wpex-border-solid wpex-border-gray-200\" style=\"width:100%;margin-top:20px;margin-bottom:20px;border-color:#f7f8fa;\"><\/div><h4 class=\"vcex-heading vcex-module wpex-text-2xl wpex-font-normal wpex-m-auto wpex-max-w-100 vcex-heading-plain wpex-h4 wpex-block wpex-text-center\" style=\"font-size:54px;\"><span class=\"vcex-heading-inner wpex-inline-block wpex-clr\">\u20ac 24.99*<\/span><\/h4>[vc_column_text text_align=&#8221;center&#8221;]par mois<\/p>\n<p>ou<\/p>\n<p>Choisissez le paiement annuel et \u00e9conomisez 57 % (\u20ac 10.83* par mois)[\/vc_column_text]<div class=\"vcex-spacing wpex-w-100 wpex-clear\" style=\"height:30px;\"><\/div><div class=\"vcex-module vcex-bullets custom-icon\">\n<ul>\n<li><div class=\"vcex-bullets-ci-wrap wpex-inline-flex\"><span class=\"vcex-icon-wrap wpex-mr-10\"><span class=\"vcex-icon ticon ticon-check\" aria-hidden=\"true\" style=\"color:#223344;\"><\/span><\/span><div class=\"vcex-content wpex-flex-grow\">Nombre illimit\u00e9 de mesures<\/div><\/div><\/li>\n<li><div class=\"vcex-bullets-ci-wrap wpex-inline-flex\"><span class=\"vcex-icon-wrap wpex-mr-10\"><span class=\"vcex-icon ticon ticon-check\" aria-hidden=\"true\" style=\"color:#223344;\"><\/span><\/span><div class=\"vcex-content wpex-flex-grow\">Imm\u00e9diatement apr\u00e8s la mesure, vous d\u00e9couvrez si votre rythme cardiaque est r\u00e9gulier<\/div><\/div><\/li>\n<li><div class=\"vcex-bullets-ci-wrap wpex-inline-flex\"><span class=\"vcex-icon-wrap wpex-mr-10\"><span class=\"vcex-icon ticon ticon-check\" aria-hidden=\"true\" style=\"color:#223344;\"><\/span><\/span><div class=\"vcex-content wpex-flex-grow\">Partagez les r\u00e9sultats avec votre m\u00e9decin<\/div><\/div><\/li>\n<li><div class=\"vcex-bullets-ci-wrap wpex-inline-flex\"><span class=\"vcex-icon-wrap wpex-mr-10\"><span class=\"vcex-icon ticon ticon-check\" aria-hidden=\"true\" style=\"color:#223344;\"><\/span><\/span><div class=\"vcex-content wpex-flex-grow\">Configurez des rappels<\/div><\/div><\/li>\n<li><div class=\"vcex-bullets-ci-wrap wpex-inline-flex\"><span class=\"vcex-icon-wrap wpex-mr-10\"><span class=\"vcex-icon ticon ticon-check\" aria-hidden=\"true\" style=\"color:#223344;\"><\/span><\/span><div class=\"vcex-content wpex-flex-grow\">Les mesures irr\u00e9guli\u00e8res sont v\u00e9rifi\u00e9es par des experts m\u00e9dicaux dans les 48 heures. Vous recevrez ensuite une analyse d\u00e9taill\u00e9e de votre mesure.<\/div><\/div><\/li>\n<li><div class=\"vcex-bullets-ci-wrap wpex-inline-flex\"><span class=\"vcex-icon-wrap wpex-mr-10\"><span class=\"vcex-icon ticon ticon-check\" aria-hidden=\"true\" style=\"color:#223344;\"><\/span><\/span><div class=\"vcex-content wpex-flex-grow\">Rapports hebdomadaires d\u00e9taill\u00e9s<\/div><\/div><\/li>\n<\/ul>\n<\/div><div class=\"vcex-spacing wpex-w-100 wpex-clear visible-desktop\" style=\"height:139px;\"><\/div><div class=\"vcex-spacing wpex-w-100 wpex-clear hidden-desktop\" style=\"height:30px;\"><\/div><div class=\"textcenter theme-button-wrap wpex-clr\"><a href=\"https:\/\/fibricheck.app.link\/7TTK694SEib\" class=\"vcex-button theme-button align-center inline\" style=\"background:#223344;\"><span class=\"theme-button-inner\">Choisissez Premium<\/span><\/a><\/div> <div class=\"vcex-spacing wpex-w-100 wpex-clear\" style=\"height:30px;\"><\/div><h3 class=\"vcex-heading vcex-module wpex-text-2xl wpex-font-normal wpex-m-auto wpex-max-w-100 vcex-heading-plain wpex-h3 wpex-block wpex-text-center\" style=\"color:#223344;\"><span class=\"vcex-heading-inner wpex-inline-block wpex-clr\">Pour qui ?<\/span><\/h3><div class=\"vcex-spacing wpex-w-100 wpex-clear\" style=\"height:30px;\"><\/div>[vc_column_text font_weight=&#8221;bold&#8221;]Vous ressentez r\u00e9guli\u00e8rement des sympt\u00f4mes tels que des palpitations cardiaques ou des vertiges ou vous vous \u00e9puisez rapidement.<\/p>\n<p>Pendant votre p\u00e9riode d\u2019essai gratuite, une ou plusieurs mesures ont indiqu\u00e9 un rythme irr\u00e9gulier.<\/p>\n<p>On vous a diagnostiqu\u00e9 pr\u00e9c\u00e9demment des troubles du rythme cardiaque.<\/p>\n<p>Vous souhaitez utiliser FibriCheck pour surveiller votre traitement et votre arythmie.[\/vc_column_text]<div class=\"vcex-spacing wpex-w-100 wpex-clear\" style=\"height:30px;\"><\/div><div class=\"textcenter theme-button-wrap wpex-clr\"><a href=\"https:\/\/fibricheck.app.link\/7TTK694SEib\" class=\"vcex-button theme-button align-center inline\" style=\"background:#223344;\"><span class=\"theme-button-inner\">Choisissez Premium<\/span><\/a><\/div> <div class=\"vcex-spacing wpex-w-100 wpex-clear\" style=\"height:30px;\"><\/div>[\/vc_column_inner][vc_column_inner width=&#8221;1\/6&#8243;][\/vc_column_inner][\/vc_row_inner][\/vc_column][\/vc_row][vc_row full_width=&#8221;stretch_row&#8221; el_class=&#8221;grey pricing&#8221;][vc_column][vc_column_text el_class=&#8221;footnote&#8221; text_align=&#8221;center&#8221;]<em>* Veuillez noter que les prix exacts peuvent varier en fonction de votre localisation, de la monnaie et des taux de change.<\/em>[\/vc_column_text][\/vc_column][\/vc_row]\n","protected":false},"excerpt":{"rendered":"Activez votre essai gratuit de 3 jours Acc\u00e9dez toutes les fonctionnalit\u00e9s de l\u2019application FibriCheck Recevez un rapport personnel apr\u00e8s la p\u00e9riode d\u2019essai gratuite Les \u00e9ventuelles mesures irr\u00e9guli\u00e8res sont examin\u00e9es par nos experts m\u00e9dicaux Commencez votre essai gratuit \u00cates-vous affili\u00e9 \u00e0 Partenamut, \u00e0 La Mutualit\u00e9 Neutre ou \u00e0 La Mutualit\u00e9 Lib\u00e9rale en Wallonie ? Dans ce&hellip;","protected":false},"author":5,"featured_media":4878,"parent":0,"menu_order":0,"comment_status":"closed","ping_status":"closed","template":"","meta":{"_acf_changed":false,"_seopress_robots_primary_cat":"","_seopress_titles_title":"Kies de formule die bij jou past voor de juiste prijs %%sep%% %%sitename%%","_seopress_titles_desc":"Je hartritme controleren duurt maar 60 seconden met FibriCheck app. We helpen je graag op weg bij het selecteren van de juiste formule voor de juiste prijs.","_seopress_robots_index":"","_monsterinsights_skip_tracking":false,"_monsterinsights_sitenote_active":false,"_monsterinsights_sitenote_note":"","_monsterinsights_sitenote_category":0,"footnotes":""},"class_list":["post-5199","page","type-page","status-publish","has-post-thumbnail","hentry","entry","has-media"],"acf":[],"_links":{"self":[{"href":"https:\/\/www.fibricheck.com\/fr\/wp-json\/wp\/v2\/pages\/5199","targetHints":{"allow":["GET"]}}],"collection":[{"href":"https:\/\/www.fibricheck.com\/fr\/wp-json\/wp\/v2\/pages"}],"about":[{"href":"https:\/\/www.fibricheck.com\/fr\/wp-json\/wp\/v2\/types\/page"}],"author":[{"embeddable":true,"href":"https:\/\/www.fibricheck.com\/fr\/wp-json\/wp\/v2\/users\/5"}],"replies":[{"embeddable":true,"href":"https:\/\/www.fibricheck.com\/fr\/wp-json\/wp\/v2\/comments?post=5199"}],"version-history":[{"count":19,"href":"https:\/\/www.fibricheck.com\/fr\/wp-json\/wp\/v2\/pages\/5199\/revisions"}],"predecessor-version":[{"id":23718,"href":"https:\/\/www.fibricheck.com\/fr\/wp-json\/wp\/v2\/pages\/5199\/revisions\/23718"}],"wp:featuredmedia":[{"embeddable":true,"href":"https:\/\/www.fibricheck.com\/fr\/wp-json\/wp\/v2\/media\/4878"}],"wp:attachment":[{"href":"https:\/\/www.fibricheck.com\/fr\/wp-json\/wp\/v2\/media?parent=5199"}],"curies":[{"name":"wp","href":"https:\/\/api.w.org\/{rel}","templated":true}]}}